{"id":103270,"date":"2023-11-21T16:34:00","date_gmt":"2023-11-21T15:34:00","guid":{"rendered":"https:\/\/my.sportler.com\/?page_id=103270"},"modified":"2024-01-17T17:15:00","modified_gmt":"2024-01-17T16:15:00","slug":"contest-garmin","status":"publish","type":"page","link":"https:\/\/my.sportler.com\/it\/contest-garmin\/","title":{"rendered":"Contest SPORTLER &#8211; vinci un Garmin!"},"content":{"rendered":"<p><div class=\"fusion-fullwidth fullwidth-box fusion-builder-row-1 fusion-flex-container nonhundred-percent-fullwidth non-hundred-percent-height-scrolling\" style=\"background-color: rgba(255,255,255,0);background-position: center top;background-repeat: no-repeat;border-width: 0px 0px 0px 0px;border-color:#eae9e9;border-style:solid;\" ><div class=\"fusion-builder-row fusion-row fusion-flex-align-items-stretch fusion-flex-justify-content-center\" style=\"max-width:1216.8px;margin-left: calc(-4% \/ 2 );margin-right: calc(-4% \/ 2 );\"><div class=\"fusion-layout-column fusion_builder_column fusion-builder-column-0 fusion_builder_column_1_1 1_1 fusion-flex-column\"><div class=\"fusion-column-wrapper fusion-flex-justify-content-flex-start fusion-content-layout-column\" style=\"background-position:left top;background-repeat:no-repeat;-webkit-background-size:cover;-moz-background-size:cover;-o-background-size:cover;background-size:cover;padding: 0px 0px 0px 0px;\"><div style=\"text-align:center;\"><span class=\" fusion-imageframe imageframe-none imageframe-1 hover-type-none\" style=\"width:100%;max-width:1500px;margin-top:0px;margin-right:0px;margin-bottom:0px;margin-left:0px;\"><img decoding=\"async\" width=\"1024\" height=\"645\" alt=\"Garmin f\u0113nix\u00ae 7 Pro \u2013 Sapphire Solar Edition\" title=\"Garmin f\u0113nix\u00ae 7 Pro \u2013 Sapphire Solar Edition\" src=\"https:\/\/my.sportler.com\/wp-content\/uploads\/2023\/12\/Contest-garmin-banner-mysportler-1200x756-1-1024x645.jpg\" class=\"img-responsive wp-image-103410\" srcset=\"https:\/\/my.sportler.com\/wp-content\/uploads\/2023\/12\/Contest-garmin-banner-mysportler-1200x756-1-200x126.jpg 200w, https:\/\/my.sportler.com\/wp-content\/uploads\/2023\/12\/Contest-garmin-banner-mysportler-1200x756-1-400x252.jpg 400w, https:\/\/my.sportler.com\/wp-content\/uploads\/2023\/12\/Contest-garmin-banner-mysportler-1200x756-1-600x378.jpg 600w, https:\/\/my.sportler.com\/wp-content\/uploads\/2023\/12\/Contest-garmin-banner-mysportler-1200x756-1-800x504.jpg 800w, https:\/\/my.sportler.com\/wp-content\/uploads\/2023\/12\/Contest-garmin-banner-mysportler-1200x756-1.jpg 1200w\" sizes=\"(max-width: 1024px) 100vw, (max-width: 640px) 100vw, 1024px\" \/><\/span><\/div><\/div><style type=\"text\/css\">.fusion-body .fusion-builder-column-0{width:100% !important;margin-top : 0px;margin-bottom : 20px;}.fusion-builder-column-0 > .fusion-column-wrapper {padding-top : 0px !important;padding-right : 0px !important;margin-right : 1.92%;padding-bottom : 0px !important;padding-left : 0px !important;margin-left : 1.92%;}@media only screen and (max-width:1024px) {.fusion-body .fusion-builder-column-0{width:100% !important;order : 0;}.fusion-builder-column-0 > .fusion-column-wrapper {margin-right : 1.92%;margin-left : 1.92%;}}@media only screen and (max-width:640px) {.fusion-body .fusion-builder-column-0{width:100% !important;order : 0;}.fusion-builder-column-0 > .fusion-column-wrapper {margin-right : 1.92%;margin-left : 1.92%;}}<\/style><\/div><\/div><style type=\"text\/css\">.fusion-body .fusion-flex-container.fusion-builder-row-1{ padding-top : 8px;margin-top : 1%;padding-right : 0px;padding-bottom : 8px;margin-bottom : 1%;padding-left : 0px;}<\/style><\/div><div class=\"fusion-fullwidth fullwidth-box fusion-builder-row-2 fusion-flex-container nonhundred-percent-fullwidth non-hundred-percent-height-scrolling\" style=\"background-color: rgba(255,255,255,0);background-position: center top;background-repeat: no-repeat;border-width: 0px 0px 0px 0px;border-color:#eae9e9;border-style:solid;\" ><div class=\"fusion-builder-row fusion-row fusion-flex-align-items-stretch fusion-flex-justify-content-space-around\" style=\"max-width:1216.8px;margin-left: calc(-4% \/ 2 );margin-right: calc(-4% \/ 2 );\"><div class=\"fusion-layout-column fusion_builder_column fusion-builder-column-1 fusion_builder_column_1_3 1_3 fusion-flex-column\"><div class=\"fusion-column-wrapper fusion-flex-justify-content-flex-start fusion-content-layout-column\" style=\"background-position:left top;background-repeat:no-repeat;-webkit-background-size:cover;-moz-background-size:cover;-o-background-size:cover;background-size:cover;background-color:#ffffff;border-width: 0px 0px 0px 0px;border-color:#dddddd;border-style:solid;padding: 0px 0px 0px 0px;\"><div class=\"fusion-separator fusion-full-width-sep\" style=\"align-self: center;margin-left: auto;margin-right: auto;margin-top:5px;margin-bottom:10px;width:100%;\"><\/div><i class=\"fb-icon-element-1 fb-icon-element fontawesome-icon fa-calendar-alt far circle-no\" style=\"font-size:42px;align-self:center;\"><\/i><style>i.fb-icon-element.fontawesome-icon.fb-icon-element-1{ color: #000000;}i.fb-icon-element.fontawesome-icon.fb-icon-element-1:hover { color: #000000;}<\/style><div class=\"fusion-text fusion-text-1\"><h2 style=\"text-align: center;\">DURATA DEL CONCORSO<\/h2>\n<\/div><div class=\"fusion-separator\" style=\"align-self: center;margin-left: auto;margin-right: auto;margin-bottom:20px;width:100%;max-width:50%;\"><div class=\"fusion-separator-border sep-single sep-solid\" style=\"border-color:#dddddd;border-top-width:1px;\"><\/div><\/div><div class=\"fusion-text fusion-text-2\"><p style=\"text-align: center;\">TERMINATO<\/p>\n<\/div><div class=\"fusion-separator fusion-full-width-sep\" style=\"align-self: center;margin-left: auto;margin-right: auto;width:100%;\"><\/div><\/div><style type=\"text\/css\">.fusion-body .fusion-builder-column-1{width:33.333333333333% !important;margin-top : 40px;margin-bottom : 0px;}.fusion-builder-column-1 > .fusion-column-wrapper {padding-top : 0px !important;padding-right : 0px !important;margin-right : 5.76%;padding-bottom : 0px !important;padding-left : 0px !important;margin-left : 5.76%;}@media only screen and (max-width:1024px) {.fusion-body .fusion-builder-column-1{width:100% !important;}.fusion-builder-column-1 > .fusion-column-wrapper {margin-right : 1.92%;margin-left : 1.92%;}}@media only screen and (max-width:640px) {.fusion-body .fusion-builder-column-1{width:100% !important;}.fusion-builder-column-1 > .fusion-column-wrapper {margin-right : 1.92%;margin-left : 1.92%;}}<\/style><\/div><div class=\"fusion-layout-column fusion_builder_column fusion-builder-column-2 fusion_builder_column_1_3 1_3 fusion-flex-column\"><div class=\"fusion-column-wrapper fusion-flex-justify-content-flex-start fusion-content-layout-column\" style=\"background-position:left top;background-repeat:no-repeat;-webkit-background-size:cover;-moz-background-size:cover;-o-background-size:cover;background-size:cover;background-color:#ffffff;border-width: 0px 0px 0px 0px;border-color:#dddddd;border-style:solid;padding: 0px 0px 0px 0px;\"><div class=\"fusion-separator fusion-full-width-sep\" style=\"align-self: center;margin-left: auto;margin-right: auto;margin-top:5px;margin-bottom:10px;width:100%;\"><\/div><i class=\"fb-icon-element-2 fb-icon-element fontawesome-icon fa-trophy fas circle-no\" style=\"font-size:40px;align-self:center;\"><\/i><style>i.fb-icon-element.fontawesome-icon.fb-icon-element-2{ color: #000000;}i.fb-icon-element.fontawesome-icon.fb-icon-element-2:hover { color: #000000;}<\/style><div class=\"fusion-text fusion-text-3\"><h2 style=\"text-align: center;\">PREMIO<\/h2>\n<\/div><div class=\"fusion-separator\" style=\"align-self: center;margin-left: auto;margin-right: auto;margin-bottom:20px;width:100%;max-width:50%;\"><div class=\"fusion-separator-border sep-single sep-solid\" style=\"border-color:#dddddd;border-top-width:1px;\"><\/div><\/div><div class=\"fusion-text fusion-text-4\"><p style=\"text-align: center;\">uno di due Garmin f\u0113nix\u00ae 7 Pro \u2013 Sapphire Solar Edition<\/p>\n<\/div><div class=\"fusion-separator fusion-full-width-sep\" style=\"align-self: center;margin-left: auto;margin-right: auto;width:100%;\"><\/div><\/div><style type=\"text\/css\">.fusion-body .fusion-builder-column-2{width:33.333333333333% !important;margin-top : 40px;margin-bottom : 30px;}.fusion-builder-column-2 > .fusion-column-wrapper {padding-top : 0px !important;padding-right : 0px !important;margin-right : 5.76%;padding-bottom : 0px !important;padding-left : 0px !important;margin-left : 5.76%;}@media only screen and (max-width:1024px) {.fusion-body .fusion-builder-column-2{width:100% !important;}.fusion-builder-column-2 > .fusion-column-wrapper {margin-right : 1.92%;margin-left : 1.92%;}}@media only screen and (max-width:640px) {.fusion-body .fusion-builder-column-2{width:100% !important;}.fusion-builder-column-2 > .fusion-column-wrapper {margin-right : 1.92%;margin-left : 1.92%;}}<\/style><\/div><div class=\"fusion-layout-column fusion_builder_column fusion-builder-column-3 fusion_builder_column_1_3 1_3 fusion-flex-column\"><div class=\"fusion-column-wrapper fusion-flex-justify-content-flex-start fusion-content-layout-column\" style=\"background-position:left top;background-repeat:no-repeat;-webkit-background-size:cover;-moz-background-size:cover;-o-background-size:cover;background-size:cover;background-color:#ffffff;border-width: 0px 0px 0px 0px;border-color:#dddddd;border-style:solid;padding: 0px 0px 0px 0px;\"><div class=\"fusion-separator fusion-full-width-sep\" style=\"align-self: center;margin-left: auto;margin-right: auto;margin-top:5px;margin-bottom:10px;width:100%;\"><\/div><i class=\"fb-icon-element-3 fb-icon-element fontawesome-icon fa-envelope-open far circle-no\" style=\"font-size:40px;align-self:center;\"><\/i><style>i.fb-icon-element.fontawesome-icon.fb-icon-element-3{ color: #000000;}i.fb-icon-element.fontawesome-icon.fb-icon-element-3:hover { color: #000000;}<\/style><div class=\"fusion-text fusion-text-5\"><h2 style=\"text-align: center;\">ESTRAZIONE VINCITORI<\/h2>\n<\/div><div class=\"fusion-separator\" style=\"align-self: center;margin-left: auto;margin-right: auto;margin-bottom:20px;width:100%;max-width:50%;\"><div class=\"fusion-separator-border sep-single sep-solid\" style=\"border-color:#dddddd;border-top-width:1px;\"><\/div><\/div><div class=\"fusion-text fusion-text-6\"><p style=\"text-align: center;\">Valentina Minniti | Jan Paul Adang<\/p>\n<\/div><div class=\"fusion-separator fusion-full-width-sep\" style=\"align-self: center;margin-left: auto;margin-right: auto;margin-top:30px;width:100%;\"><\/div><\/div><style type=\"text\/css\">.fusion-body .fusion-builder-column-3{width:33.333333333333% !important;margin-top : 40px;margin-bottom : 0px;}.fusion-builder-column-3 > .fusion-column-wrapper {padding-top : 0px !important;padding-right : 0px !important;margin-right : 5.76%;padding-bottom : 0px !important;padding-left : 0px !important;margin-left : 5.76%;}@media only screen and (max-width:1024px) {.fusion-body .fusion-builder-column-3{width:100% !important;}.fusion-builder-column-3 > .fusion-column-wrapper {margin-right : 1.92%;margin-left : 1.92%;}}@media only screen and (max-width:640px) {.fusion-body .fusion-builder-column-3{width:100% !important;}.fusion-builder-column-3 > .fusion-column-wrapper {margin-right : 1.92%;margin-left : 1.92%;}}<\/style><\/div><\/div><style type=\"text\/css\">.fusion-body .fusion-flex-container.fusion-builder-row-2{ padding-top : 0px;margin-top : 0px;padding-right : 0px;padding-bottom : 0px;margin-bottom : 0px;padding-left : 0px;}<\/style><\/div><div class=\"fusion-fullwidth fullwidth-box fusion-builder-row-3 nonhundred-percent-fullwidth non-hundred-percent-height-scrolling fusion-equal-height-columns\" style=\"background-color: rgba(255,255,255,0);background-position: center top;background-repeat: no-repeat;padding-top:0px;padding-right:0px;padding-bottom:5px;padding-left:0px;margin-bottom: 0px;margin-top: 0px;border-width: 0px 0px 0px 0px;border-color:#eae9e9;border-style:solid;\" ><div class=\"fusion-builder-row fusion-row\"><div class=\"fusion-layout-column fusion_builder_column fusion-builder-column-4 fusion_builder_column_1_1 1_1 fusion-one-full fusion-column-first fusion-column-last\" style=\"margin-top:0px;margin-bottom:20px;\"><div class=\"fusion-column-wrapper fusion-flex-column-wrapper-legacy\" style=\"background-position:left top;background-repeat:no-repeat;-webkit-background-size:cover;-moz-background-size:cover;-o-background-size:cover;background-size:cover;padding: 0px 0px 0px 0px;\"><style type=\"text\/css\"><\/style><div class=\"fusion-title title fusion-title-1 fusion-sep-none fusion-title-text fusion-title-size-two\" style=\"margin-top:0px;margin-right:0px;margin-bottom:31px;margin-left:0px;\"><h2 class=\"title-heading-left fusion-responsive-typography-calculated\" style=\"margin:0;--fontSize:17;line-height:1.65;\">REGISTRAZIONE CONCORSO A PREMI SPORTLER &#8211; GARMIN<\/h2><\/div><div class=\"fusion-text fusion-text-7\"><p>In occasione dell&#8217;apertura del nostro nuovo store <a href=\"https:\/\/www.sportler.com\/it\/lp\/store\/milano-carugate\"><strong>SPORTLER Carugate <\/strong><\/a>prevista per met\u00e0 marzo 2024, abbiamo organizzato uno speciale concorso a premi con in palio due orologi multifunzione <a href=\"https:\/\/www.sportler.com\/it\/lp\/garmin\"><strong>Garmin<\/strong><\/a>! Registrati compilando tutti i campi del formulario a fondo pagina.<\/p>\n<\/div><style type=\"text\/css\"><\/style><div class=\"fusion-title title fusion-title-2 fusion-sep-none fusion-title-text fusion-title-size-two\" style=\"margin-top:0px;margin-right:0px;margin-bottom:31px;margin-left:0px;\"><h2 class=\"title-heading-left fusion-responsive-typography-calculated\" style=\"margin:0;--fontSize:17;line-height:1.65;\">SPORTLER &#8211; CHI SIAMO?<\/h2><\/div><div class=\"fusion-text fusion-text-8\"><p>Con 26 punti vendita sparsi in tutto il Nord Italia e Austria noi di <a href=\"https:\/\/www.sportler.com\/it\"><strong>SPORTLER <\/strong><\/a>siamo il <strong>rivenditore di articoli sportivi<\/strong> pi\u00f9 riconosciuto delle Alpi. Qualit\u00e0, consulenza tecnica e unicit\u00e0: queste sono le nostre caratteristiche che conquistano da pi\u00f9 di 45 anni sportivi di ogni et\u00e0. Scegli tra pi\u00f9 di <strong>400 brand<\/strong> e trova da noi il prodotto giusto per il tuo sport preferito.<\/p>\n<\/div><div class=\"fusion-clearfix\"><\/div><\/div><\/div><\/div><\/div><div class=\"fusion-fullwidth fullwidth-box fusion-builder-row-4 nonhundred-percent-fullwidth non-hundred-percent-height-scrolling fusion-equal-height-columns\" style=\"background-color: rgba(255,255,255,0);background-position: left top;background-repeat: no-repeat;padding-top:0px;padding-right:0px;padding-bottom:5px;padding-left:0px;margin-bottom: 0px;margin-top: 0px;border-width: 0px 0px 0px 0px;border-color:#eae9e9;border-style:solid;\" ><div class=\"fusion-builder-row fusion-row\"><div class=\"fusion-layout-column fusion_builder_column fusion-builder-column-5 fusion_builder_column_1_1 1_1 fusion-one-full fusion-column-first fusion-column-last fusion-column-no-min-height\" style=\"margin-top:0px;margin-bottom:0px;\"><div class=\"fusion-column-wrapper fusion-flex-column-wrapper-legacy\" style=\"background-position:left top;background-repeat:no-repeat;-webkit-background-size:cover;-moz-background-size:cover;-o-background-size:cover;background-size:cover;padding: 0px 0px 0px 0px;\"><style type=\"text\/css\"><\/style><div class=\"fusion-title title fusion-title-3 fusion-sep-none fusion-title-center fusion-title-text fusion-title-size-one\" style=\"margin-top:0px;margin-right:0px;margin-bottom:31px;margin-left:0px;\"><h1 class=\"title-heading-center fusion-responsive-typography-calculated\" style=\"margin:0;--fontSize:26;line-height:1.77;\">Vinci un Garmin f\u0113nix\u00ae 7 Pro \u2013 Sapphire Solar Edition<\/h1><\/div><div class=\"fusion-sep-clear\"><\/div><div class=\"fusion-separator\" style=\"margin-left: auto;margin-right: auto;margin-top:5px;margin-bottom:40px;width:100%;max-width:20%;\"><div class=\"fusion-separator-border sep-single sep-solid\" style=\"border-color:#d6d6d6;border-top-width:1px;\"><\/div><\/div><div class=\"fusion-sep-clear\"><\/div><div class=\"fusion-clearfix\"><\/div><\/div><\/div><div class=\"fusion-layout-column fusion_builder_column fusion-builder-column-6 fusion_builder_column_1_2 1_2 fusion-one-half fusion-column-first\" style=\"margin-top:0px;margin-bottom:20px;\" id=\"nobottom\"><div class=\"fusion-column-wrapper fusion-flex-column-wrapper-legacy\" style=\"background-position:left top;background-repeat:no-repeat;-webkit-background-size:cover;-moz-background-size:cover;-o-background-size:cover;background-size:cover;padding: 0px 0px 0px 0px;\"><span class=\" fusion-imageframe imageframe-none imageframe-2 hover-type-none\"><img decoding=\"async\" width=\"520\" height=\"520\" title=\"orologi bannerino1\" src=\"https:\/\/my.sportler.com\/wp-content\/uploads\/2023\/12\/orologi-bannerino1.jpg\" class=\"img-responsive wp-image-103494\" srcset=\"https:\/\/my.sportler.com\/wp-content\/uploads\/2023\/12\/orologi-bannerino1-200x200.jpg 200w, https:\/\/my.sportler.com\/wp-content\/uploads\/2023\/12\/orologi-bannerino1-400x400.jpg 400w, https:\/\/my.sportler.com\/wp-content\/uploads\/2023\/12\/orologi-bannerino1.jpg 520w\" sizes=\"(max-width: 800px) 100vw, 520px\" \/><\/span><div class=\"fusion-clearfix\"><\/div><\/div><\/div><div class=\"fusion-layout-column fusion_builder_column fusion-builder-column-7 fusion_builder_column_1_2 1_2 fusion-one-half fusion-column-last\" style=\"margin-top:0px;margin-bottom:20px;\"><div class=\"fusion-column-wrapper fusion-flex-column-wrapper-legacy\" style=\"background-position:left top;background-repeat:no-repeat;-webkit-background-size:cover;-moz-background-size:cover;-o-background-size:cover;background-size:cover;background-color:#f7f8fa;border-width: 0px 0px 0px 0px;border-color:#e7ebee;border-style:solid;padding: 30px 30px 30px 30px;\"><div class=\"fusion-text fusion-text-9\"><h2>Garmin f\u0113nix\u00ae 7 Pro \u2013 Sapphire Solar Edition<\/h2>\n<ul>\n<li>con funzioni su allenamento, prestazioni e attivit\u00e0 per migliorare e monitorare il tuo sport<\/li>\n<li>autonomia fino a oltre un mese grazie alla lente Power Sapphire a ricarica solare integrata<\/li>\n<li>luminosa torcia a LED<\/li>\n<li>funzioni di navigazione con tecnologia SATIQ e GPS multi-band<\/li>\n<li>monitoraggio dello stato di salute 24\/7, rilevazione frequenza cardiaca e monitoraggio del sonno<\/li>\n<li>funzioni connesse tra cui smart notification, musica, pagamenti contactless<\/li>\n<\/ul>\n<p>Due orologi in palio: un vincitore, una vincitrice.<br \/>\n&#8211; <a href=\"https:\/\/www.sportler.com\/it\/p\/garmin-fenix-7s-pro-sapphire-solar-edition-orologio-multifunzione-11433624?filterFarbe=Yellow\">Garmin f\u0113nix\u00ae 7 Pro \u2013 42mm Soft Gold con cinturino Light Sand<\/a><br \/>\n&#8211; <a href=\"https:\/\/www.sportler.com\/it\/p\/garmin-fenix-7-pro-sapphire-solar-edition-orologio-multifunzione-11433625?filterFarbe=Black\">Garmin f\u0113nix\u00ae 7 Pro \u2013 47mm Carbon Gray DLC Titanium con cinturino Black<\/a><\/p>\n<\/div><div class=\"fusion-clearfix\"><\/div><\/div><\/div><\/div><\/div><div class=\"fusion-fullwidth fullwidth-box fusion-builder-row-5 nonhundred-percent-fullwidth non-hundred-percent-height-scrolling\" style=\"background-color: #f7f8fa;background-position: left top;background-repeat: no-repeat;padding-top:10px;padding-right:8px;padding-bottom:10px;padding-left:8px;margin-bottom: 0px;margin-top: 0px;border-width: 0px 0px 0px 0px;border-color:#eae9e9;border-style:solid;\" ><div class=\"fusion-builder-row fusion-row\"><div class=\"fusion-layout-column fusion_builder_column fusion-builder-column-8 fusion_builder_column_1_1 1_1 fusion-one-full fusion-column-first fusion-column-last fusion-column-no-min-height\" style=\"margin-top:0px;margin-bottom:0px;\"><div class=\"fusion-column-wrapper fusion-flex-column-wrapper-legacy\" style=\"background-position:left top;background-repeat:no-repeat;-webkit-background-size:cover;-moz-background-size:cover;-o-background-size:cover;background-size:cover;padding: 0px 0px 0px 0px;\"><div class=\"fusion-text fusion-text-10\">\n<\/div><div class=\"fusion-clearfix\"><\/div><\/div><\/div><\/div><\/div><\/p>\n","protected":false},"excerpt":{"rendered":"","protected":false},"author":77,"featured_media":0,"parent":0,"menu_order":0,"comment_status":"closed","ping_status":"closed","template":"","meta":{"footnotes":""},"class_list":["post-103270","page","type-page","status-publish","hentry"],"jetpack_sharing_enabled":true,"_links":{"self":[{"href":"https:\/\/my.sportler.com\/it\/wp-json\/wp\/v2\/pages\/103270","targetHints":{"allow":["GET"]}}],"collection":[{"href":"https:\/\/my.sportler.com\/it\/wp-json\/wp\/v2\/pages"}],"about":[{"href":"https:\/\/my.sportler.com\/it\/wp-json\/wp\/v2\/types\/page"}],"author":[{"embeddable":true,"href":"https:\/\/my.sportler.com\/it\/wp-json\/wp\/v2\/users\/77"}],"replies":[{"embeddable":true,"href":"https:\/\/my.sportler.com\/it\/wp-json\/wp\/v2\/comments?post=103270"}],"version-history":[{"count":244,"href":"https:\/\/my.sportler.com\/it\/wp-json\/wp\/v2\/pages\/103270\/revisions"}],"predecessor-version":[{"id":103730,"href":"https:\/\/my.sportler.com\/it\/wp-json\/wp\/v2\/pages\/103270\/revisions\/103730"}],"wp:attachment":[{"href":"https:\/\/my.sportler.com\/it\/wp-json\/wp\/v2\/media?parent=103270"}],"curies":[{"name":"wp","href":"https:\/\/api.w.org\/{rel}","templated":true}]}}