{"id":10523,"date":"2014-04-01T08:40:03","date_gmt":"2014-04-01T06:40:03","guid":{"rendered":"http:\/\/my.sportler.com\/?page_id=10523"},"modified":"2018-05-08T09:57:12","modified_gmt":"2018-05-08T07:57:12","slug":"lessinia-bike","status":"publish","type":"page","link":"https:\/\/my.sportler.com\/it\/lessinia-bike\/","title":{"rendered":"Lessinia Tour: Vinci il tuo pettorale"},"content":{"rendered":"<h2>Lessinia Tour<\/h2>\n<div class=\"fusion-fullwidth fullwidth-box fusion-builder-row-1 hundred-percent-fullwidth non-hundred-percent-height-scrolling\" style=\"background-color: rgba(255,255,255,0);background-position: center center;background-repeat: no-repeat;padding-top:0px;padding-right:0px;padding-bottom:0px;padding-left:0px;margin-bottom: 0px;margin-top: 0px;border-width: 0px 0px 0px 0px;border-color:#eae9e9;border-style:solid;\" ><div class=\"fusion-builder-row fusion-row\"><div class=\"fusion-layout-column fusion_builder_column fusion-builder-column-0 fusion_builder_column_1_1 1_1 fusion-one-full fusion-column-first fusion-column-last fusion-column-no-min-height\" style=\"margin-top:0px;margin-bottom:0px;\"><div class=\"fusion-column-wrapper fusion-flex-column-wrapper-legacy\" style=\"background-position:left top;background-repeat:no-repeat;-webkit-background-size:cover;-moz-background-size:cover;-o-background-size:cover;background-size:cover;padding: 0px 0px 0px 0px;\"><ul class=\"fusion-checklist fusion-checklist-1\" style=\"font-size:14px;line-height:23.8px;\">\n\n<li class=\"fusion-li-item\"><span style=\"height:23.8px;width:23.8px;margin-right:9.8px;\" class=\"icon-wrapper circle-no\"><i class=\"fusion-li-icon fa fa-chevron-circle-right\" style=\"color:#18b1e7;\" aria-hidden=\"true\"><\/i><\/span><div class=\"fusion-li-item-content\" style=\"margin-left:33.6px;\">Data: <strong>10.08.2014<\/strong><\/div><\/li>\n<li class=\"fusion-li-item\"><span style=\"height:23.8px;width:23.8px;margin-right:9.8px;\" class=\"icon-wrapper circle-no\"><i class=\"fusion-li-icon fa fa-chevron-circle-right\" style=\"color:#18b1e7;\" aria-hidden=\"true\"><\/i><\/span><div class=\"fusion-li-item-content\" style=\"margin-left:33.6px;\">Localit\u00e0: San Giorgio di Boscochiesanuova (VR), Italia<\/div><\/li>\n<li class=\"fusion-li-item\"><span style=\"height:23.8px;width:23.8px;margin-right:9.8px;\" class=\"icon-wrapper circle-no\"><i class=\"fusion-li-icon fa fa-chevron-circle-right\" style=\"color:#18b1e7;\" aria-hidden=\"true\"><\/i><\/span><div class=\"fusion-li-item-content\" style=\"margin-left:33.6px;\">Tipologia: gara di mountain bike<\/div><\/li>\n<li class=\"fusion-li-item\"><span style=\"height:23.8px;width:23.8px;margin-right:9.8px;\" class=\"icon-wrapper circle-no\"><i class=\"fusion-li-icon fa fa-chevron-circle-right\" style=\"color:#18b1e7;\" aria-hidden=\"true\"><\/i><\/span><div class=\"fusion-li-item-content\" style=\"margin-left:33.6px;\">Lunghezza: 46 km<\/div><\/li>\n<li class=\"fusion-li-item\"><span style=\"height:23.8px;width:23.8px;margin-right:9.8px;\" class=\"icon-wrapper circle-no\"><i class=\"fusion-li-icon fa fa-chevron-circle-right\" style=\"color:#18b1e7;\" aria-hidden=\"true\"><\/i><\/span><div class=\"fusion-li-item-content\" style=\"margin-left:33.6px;\">Dislivello complessivo: 1.600 m<\/div><\/li>\n<li class=\"fusion-li-item\"><span style=\"height:23.8px;width:23.8px;margin-right:9.8px;\" class=\"icon-wrapper circle-no\"><i class=\"fusion-li-icon fa fa-chevron-circle-right\" style=\"color:#18b1e7;\" aria-hidden=\"true\"><\/i><\/span><div class=\"fusion-li-item-content\" style=\"margin-left:33.6px;\">Percorso: divertente e impegnativo<\/div><\/li>\n\n<\/ul>\n<p>&nbsp;<\/p>\n<p style=\"text-align: left;\">Una manifestazione dal format del tutto innovativo. Una 4 ore da correre in solitaria o a coppie su un percorso ad anello da ripetersi sino allo scoccare dei 240 minuti. La 4 ore dell\u2019alta Lessinia rappresenter\u00e0 la piu\u2019 degna delle conclusioni del Lessinia Tour 2014. Probabilmente la piu&#8217; &#8220;racing&#8221; tra i sei appuntamenti ma sicuramente non meno divertente ed affascinante. Sede dell&#8217;evento sar\u00e0 la stessa localit\u00e0 da cui si era partiti. Malga San Giorgio \u00e8 posta a 1.600 metri di quota, nel cuore del Parco Naturale della Lessinia, ed in estate si popola di bikers, escursionisti e sportivi di ogni genere e grado.<\/p>\n<p style=\"text-align: left;\">Maggiori informazioni sul sito internet: <a title=\"Lessinia Tour\" href=\"http:\/\/www.lessiniatour.com\/\" target=\"_blank\">www.lessiniatour.com<\/a><\/p>\n<p>&nbsp;<\/p>\n<div class=\"fusion-clearfix\"><\/div><\/div><\/div><div class=\"fusion-layout-column fusion_builder_column fusion-builder-column-1 fusion_builder_column_1_1 1_1 fusion-one-full fusion-column-first fusion-column-last fusion-column-no-min-height\" style=\"margin-top:0px;margin-bottom:0px;\"><div class=\"fusion-column-wrapper fusion-flex-column-wrapper-legacy\" style=\"background-position:left top;background-repeat:no-repeat;-webkit-background-size:cover;-moz-background-size:cover;-o-background-size:cover;background-size:cover;padding: 0px 0px 0px 0px;\"><ul class=\"fusion-checklist fusion-checklist-2\" style=\"font-size:14px;line-height:23.8px;\">\n\n<li class=\"fusion-li-item\"><span style=\"height:23.8px;width:23.8px;margin-right:9.8px;\" class=\"icon-wrapper circle-no\"><i class=\"fusion-li-icon fa fa-arrow-circle-left\" style=\"color:#000000;\" aria-hidden=\"true\"><\/i><\/span><div class=\"fusion-li-item-content\" style=\"margin-left:33.6px;\"><a href=\"http:\/\/my.sportler.com\/it\/vinci-il-tuo-pettorale\/\">Ritorna al sito &#8220;Vinci il tuo pettorale!!&#8221;<\/a><\/div><\/li>\n\n<\/ul>\n<p>&nbsp;<div class=\"fusion-clearfix\"><\/div><\/div><\/div><\/div><style type=\"text\/css\">.fusion-fullwidth.fusion-builder-row-1 { overflow:visible; }<\/style><\/div>\n","protected":false},"excerpt":{"rendered":"<p>Lessinia Tour<\/p>\n","protected":false},"author":22,"featured_media":11893,"parent":0,"menu_order":0,"comment_status":"closed","ping_status":"open","template":"","meta":{"footnotes":""},"class_list":["post-10523","page","type-page","status-publish","has-post-thumbnail","hentry"],"jetpack_sharing_enabled":true,"_links":{"self":[{"href":"https:\/\/my.sportler.com\/it\/wp-json\/wp\/v2\/pages\/10523","targetHints":{"allow":["GET"]}}],"collection":[{"href":"https:\/\/my.sportler.com\/it\/wp-json\/wp\/v2\/pages"}],"about":[{"href":"https:\/\/my.sportler.com\/it\/wp-json\/wp\/v2\/types\/page"}],"author":[{"embeddable":true,"href":"https:\/\/my.sportler.com\/it\/wp-json\/wp\/v2\/users\/22"}],"replies":[{"embeddable":true,"href":"https:\/\/my.sportler.com\/it\/wp-json\/wp\/v2\/comments?post=10523"}],"version-history":[{"count":1,"href":"https:\/\/my.sportler.com\/it\/wp-json\/wp\/v2\/pages\/10523\/revisions"}],"predecessor-version":[{"id":86805,"href":"https:\/\/my.sportler.com\/it\/wp-json\/wp\/v2\/pages\/10523\/revisions\/86805"}],"wp:featuredmedia":[{"embeddable":true,"href":"https:\/\/my.sportler.com\/it\/wp-json\/wp\/v2\/media\/11893"}],"wp:attachment":[{"href":"https:\/\/my.sportler.com\/it\/wp-json\/wp\/v2\/media?parent=10523"}],"curies":[{"name":"wp","href":"https:\/\/api.w.org\/{rel}","templated":true}]}}