{"id":13989,"date":"2013-09-27T08:27:54","date_gmt":"2013-09-27T07:27:54","guid":{"rendered":"http:\/\/my.sportler.com\/castelli-bekleidung-groessentabelle-2\/"},"modified":"2018-10-15T15:59:42","modified_gmt":"2018-10-15T13:59:42","slug":"castelli-abbigliamento-tabella-misure","status":"publish","type":"page","link":"https:\/\/my.sportler.com\/it\/castelli-abbigliamento-tabella-misure\/","title":{"rendered":"Castelli abbigliamento tabella misure"},"content":{"rendered":"<p><div class=\"fusion-fullwidth fullwidth-box fusion-builder-row-1 hundred-percent-fullwidth non-hundred-percent-height-scrolling\" style=\"background-color: rgba(255,255,255,0);background-position: center center;background-repeat: no-repeat;padding-top:0px;padding-right:0px;padding-bottom:0px;padding-left:0px;margin-bottom: 0px;margin-top: 0px;border-width: 0px 0px 0px 0px;border-color:#eae9e9;border-style:solid;\" ><div class=\"fusion-builder-row fusion-row\"><div class=\"fusion-layout-column fusion_builder_column fusion-builder-column-0 fusion_builder_column_1_1 1_1 fusion-one-full fusion-column-first fusion-column-last\" style=\"margin-top:0px;margin-bottom:20px;\"><div class=\"fusion-column-wrapper fusion-flex-column-wrapper-legacy\" style=\"background-position:left top;background-repeat:no-repeat;-webkit-background-size:cover;-moz-background-size:cover;-o-background-size:cover;background-size:cover;padding: 0px 0px 0px 0px;\"><div class=\"fusion-text fusion-text-1\"><p><a href=\"https:\/\/www.sportler.com\/it\/lp\/castelli?campaign=cont\/mysportler-it\/gr-castelli-abbigliamento\"><img decoding=\"async\" class=\" alignnone aligncenter\" src=\"http:\/\/img3.sportler.com\/image\/genericattribute\/marke\/castelli\/_249_marke_castelli_object_22453.jpg\" alt=\"Castelli abbigliamento tabella misure\" \/><\/a><\/p>\n<p style=\"text-align: center;\">Determina la misura esatta di abbigliamento Castelli con la tabella misure di Castelli.<\/p>\n<p style=\"text-align: center;\"><strong>Informiamo i nostri clienti che l&#8217;abbigliamento Castelli ha una vestibilit\u00e0 molto stretta ed \u00e8 tagliato piccolo. Consigliamo pertanto di acquistare una taglia in pi\u00f9 rispetto a quella abitualmente indossata.<\/strong><\/p>\n<\/div><div class=\"fusion-clearfix\"><\/div><\/div><\/div><div class=\"fusion-layout-column fusion_builder_column fusion-builder-column-1 fusion_builder_column_1_3 1_3 fusion-one-third fusion-column-first\" style=\"width:30.6666%; margin-right: 4%;margin-top:0px;margin-bottom:20px;\"><div class=\"fusion-column-wrapper fusion-flex-column-wrapper-legacy\" style=\"background-position:left top;background-repeat:no-repeat;-webkit-background-size:cover;-moz-background-size:cover;-o-background-size:cover;background-size:cover;padding: 0px 0px 0px 0px;\"><div class=\"fusion-clearfix\"><\/div><\/div><\/div><div class=\"fusion-layout-column fusion_builder_column fusion-builder-column-2 fusion_builder_column_1_3 1_3 fusion-one-third\" style=\"width:30.6666%; margin-right: 4%;margin-top:0px;margin-bottom:20px;\"><div class=\"fusion-column-wrapper fusion-flex-column-wrapper-legacy\" style=\"background-position:left top;background-repeat:no-repeat;-webkit-background-size:cover;-moz-background-size:cover;-o-background-size:cover;background-size:cover;padding: 0px 0px 0px 0px;\"><ul class=\"fusion-checklist fusion-checklist-1\" style=\"font-size:13px;line-height:22.1px;\"><li class=\"fusion-li-item\"><span style=\"height:22.1px;width:22.1px;margin-right:9.1px;\" class=\"icon-wrapper circle-no\"><i class=\"fusion-li-icon fa fa-arrow-circle-left\" style=\"color:#000000;\" aria-hidden=\"true\"><\/i><\/span><div class=\"fusion-li-item-content\" style=\"margin-left:31.2px;\"><a href=\"https:\/\/www.sportler.com\/it\/lp\/castelli?campaign=cont\/mysportler-it\/gr-castelli-abbigliamento\">Shop online Castelli<\/a><\/div><\/li><\/ul><div class=\"fusion-clearfix\"><\/div><\/div><\/div><div class=\"fusion-layout-column fusion_builder_column fusion-builder-column-3 fusion_builder_column_1_3 1_3 fusion-one-third fusion-column-last\" style=\"width:30.6666%;margin-top:0px;margin-bottom:20px;\"><div class=\"fusion-column-wrapper fusion-flex-column-wrapper-legacy\" style=\"background-position:left top;background-repeat:no-repeat;-webkit-background-size:cover;-moz-background-size:cover;-o-background-size:cover;background-size:cover;padding: 0px 0px 0px 0px;\"><div class=\"fusion-clearfix\"><\/div><\/div><\/div><div class=\"fusion-layout-column fusion_builder_column fusion-builder-column-4 fusion_builder_column_1_1 1_1 fusion-one-full fusion-column-first fusion-column-last fusion-column-no-min-height\" style=\"margin-top:0px;margin-bottom:0px;\"><div class=\"fusion-column-wrapper fusion-flex-column-wrapper-legacy\" style=\"background-position:left top;background-repeat:no-repeat;-webkit-background-size:cover;-moz-background-size:cover;-o-background-size:cover;background-size:cover;padding: 0px 0px 0px 0px;\"><style type=\"text\/css\">.fusion-accordian  #accordion-13989-1 .panel-title a .fa-fusion-box{ color: #ffffff;}.fusion-accordian  #accordion-13989-1 .panel-title a .fa-fusion-box:before{ font-size: 13px; width: 13px;}.fusion-accordian  #accordion-13989-1 .panel-title a{font-size:15px;}.fusion-accordian  #accordion-13989-1 .fa-fusion-box { background-color: #333333;border-color: #333333;}.fusion-accordian  #accordion-13989-1 .panel-title a:hover, #accordion-13989-1 .fusion-toggle-boxed-mode:hover .panel-title a { color: #30afe4;}.fusion-accordian  #accordion-13989-1 .panel-title .active .fa-fusion-box,.fusion-accordian  #accordion-13989-1 .panel-title a:hover .fa-fusion-box { background-color: #30afe4!important;border-color: #30afe4!important;}<\/style><div class=\"accordian fusion-accordian\"><div class=\"panel-group\" id=\"accordion-13989-1\"><div class=\"fusion-panel panel-default\"><div class=\"panel-heading\"><h4 class=\"panel-title toggle\"><a aria-expanded=\"false\" aria-controls=\"07e621e94a41b5d93\" role=\"button\" data-toggle=\"collapse\" data-parent=\"#accordion-13989-1\" data-target=\"#07e621e94a41b5d93\" href=\"#07e621e94a41b5d93\"><span class=\"fusion-toggle-icon-wrapper\" aria-hidden=\"true\"><i class=\"fa-fusion-box\" aria-hidden=\"true\"><\/i><\/span><span class=\"fusion-toggle-heading\">Uomo<\/span><\/a><\/h4><\/div><div id=\"07e621e94a41b5d93\" class=\"panel-collapse collapse \"><div class=\"panel-body toggle-content fusion-clearfix\">\n<div class=\"table-1\">\n<h2>Uomo: Castelli abbigliamento tabella misure<\/h2>\n<table width=\"100%\">\n<tbody>\n<tr class=\"tableizer-firstrow\">\n<th><\/th>\n<th>Circonferenza petto (cm)<\/th>\n<th>Circonferenza vita (cm)<\/th>\n<th>Circonferenza fianchi (cm)<\/th>\n<th>Lunghezza gamba (cm)<\/th>\n<\/tr>\n<tr>\n<td>S<\/td>\n<td>92<\/td>\n<td>80<\/td>\n<td>94<\/td>\n<td>82<\/td>\n<\/tr>\n<tr>\n<td>M<\/td>\n<td>96<\/td>\n<td>84<\/td>\n<td>98<\/td>\n<td>83<\/td>\n<\/tr>\n<tr>\n<td>L<\/td>\n<td>100<\/td>\n<td>88<\/td>\n<td>102<\/td>\n<td>84<\/td>\n<\/tr>\n<tr>\n<td>XL<\/td>\n<td>106<\/td>\n<td>93<\/td>\n<td>107<\/td>\n<td>85<\/td>\n<\/tr>\n<tr>\n<td>XXL<\/td>\n<td>110<\/td>\n<td>98<\/td>\n<td>112<\/td>\n<td>86<\/td>\n<\/tr>\n<tr>\n<td>XXXL<\/td>\n<td>115<\/td>\n<td>104<\/td>\n<td>116<\/td>\n<td>87<\/td>\n<\/tr>\n<\/tbody>\n<\/table>\n<\/div>\n<p>\u00a0<\/p>\n<div class=\"table-1\">\n<h2>Calzini: Castelli tabella misure<\/h2>\n<table width=\"100%\">\n<tbody>\n<tr class=\"tableizer-firstrow\">\n<td>S\/M<\/td>\n<td>36-39<\/td>\n<\/tr>\n<tr>\n<td>L\/XL<\/td>\n<td>40-43<\/td>\n<\/tr>\n<tr>\n<td>2XL<\/td>\n<td>44-47<\/td>\n<\/tr>\n<\/tbody>\n<\/table>\n<\/div>\n<div class=\"fusion-builder-row fusion-builder-row-inner fusion-row\"><div class=\"fusion-layout-column fusion_builder_column_inner fusion-builder-nested-column-0 fusion_builder_column_inner_1_4 1_4 fusion-one-fourth fusion-column-first\" style=\"width:25%;width:calc(25% - ( ( 4% ) * 0.25 ) );margin-right: 4%;margin-top:0px;margin-bottom:20px;\"><div class=\"fusion-column-wrapper fusion-flex-column-wrapper-legacy\" style=\"background-position:left top;background-repeat:no-repeat;-webkit-background-size:cover;-moz-background-size:cover;-o-background-size:cover;background-size:cover;padding: 0px 0px 0px 0px;\"><div class=\"fusion-text fusion-text-2\"><p><img decoding=\"async\" class=\"alignleft\" src=\"http:\/\/static.sportler.com\/presentation\/img\/mass\/male-1.jpg\" alt=\"Parametri uomo\" \/><\/p>\n<\/div><div class=\"fusion-clearfix\"><\/div><\/div><\/div>\n<div class=\"fusion-layout-column fusion_builder_column_inner fusion-builder-nested-column-1 fusion_builder_column_inner_3_4 3_4 fusion-three-fourth fusion-column-last\" style=\"width:75%;width:calc(75% - ( ( 4% ) * 0.75 ) );margin-top:0px;margin-bottom:20px;\"><div class=\"fusion-column-wrapper fusion-flex-column-wrapper-legacy\" style=\"background-position:left top;background-repeat:no-repeat;-webkit-background-size:cover;-moz-background-size:cover;-o-background-size:cover;background-size:cover;padding: 0px 0px 0px 0px;\">\n<div class=\"fusion-text fusion-text-3\"><ol>\n<li><strong>Altezza:<\/strong><br \/>\nmisura l&#8217;altezza in cm e a piedi nudi dalla testa ai piedi.<\/li>\n<li><strong>Circonferenza torace:<\/strong><br \/>\ncon il metro misura la circonferenza del torace.<\/li>\n<li><strong>Circonferenza vita:<\/strong><br \/>\ncon il metro misura la circonferenza della vita.<\/li>\n<li><strong>Lunghezza gamba:<\/strong><br \/>\nmisura la lunghezza della gamba partendo dal fianco e arrivando fino al fondo.<\/li>\n<\/ol>\n<\/div>\n<div class=\"fusion-clearfix\"><\/div><\/div><\/div><\/div><\/div><\/div><\/div><div class=\"fusion-panel panel-default\"><div class=\"panel-heading\"><h4 class=\"panel-title toggle\"><a aria-expanded=\"false\" aria-controls=\"25132a00462c490d9\" role=\"button\" data-toggle=\"collapse\" data-parent=\"#accordion-13989-1\" data-target=\"#25132a00462c490d9\" href=\"#25132a00462c490d9\"><span class=\"fusion-toggle-icon-wrapper\" aria-hidden=\"true\"><i class=\"fa-fusion-box\" aria-hidden=\"true\"><\/i><\/span><span class=\"fusion-toggle-heading\">Donna<\/span><\/a><\/h4><\/div><div id=\"25132a00462c490d9\" class=\"panel-collapse collapse \"><div class=\"panel-body toggle-content fusion-clearfix\">\n<div class=\"table-1\">\n<h2>Donna: Castelli abbigliamento tabella misure<\/h2>\n<table width=\"100%\">\n<tbody>\n<tr class=\"tableizer-firstrow\">\n<th><\/th>\n<th>Circonferenza seno (cm)<\/th>\n<th>Circonferenza vita (cm)<\/th>\n<th>Circonferenza fianchi (cm)<\/th>\n<th>Lunghezza gamba (cm)<\/th>\n<\/tr>\n<tr>\n<td>XS<\/td>\n<td>79<\/td>\n<td>63<\/td>\n<td>87<\/td>\n<td>75<\/td>\n<\/tr>\n<tr>\n<td>S<\/td>\n<td>84<\/td>\n<td>68<\/td>\n<td>92<\/td>\n<td>76<\/td>\n<\/tr>\n<tr>\n<td>M<\/td>\n<td>89<\/td>\n<td>73<\/td>\n<td>97<\/td>\n<td>77<\/td>\n<\/tr>\n<tr>\n<td>L<\/td>\n<td>94<\/td>\n<td>78<\/td>\n<td>102<\/td>\n<td>78<\/td>\n<\/tr>\n<tr>\n<td>XL<\/td>\n<td>99<\/td>\n<td>83<\/td>\n<td>107<\/td>\n<td>79<\/td>\n<\/tr>\n<\/tbody>\n<\/table>\n<\/div>\n<p>\u00a0<\/p>\n<div class=\"table-1\">\n<h2>Calzini: Castelli tabella misure<\/h2>\n<table width=\"100%\">\n<tbody>\n<tr class=\"tableizer-firstrow\">\n<td>S\/M<\/td>\n<td>35-38<\/td>\n<\/tr>\n<tr>\n<td>L\/XL<\/td>\n<td>39-41<\/td>\n<\/tr>\n<\/tbody>\n<\/table>\n<\/div>\n<div class=\"fusion-builder-row fusion-builder-row-inner fusion-row\"><div class=\"fusion-layout-column fusion_builder_column_inner fusion-builder-nested-column-2 fusion_builder_column_inner_1_4 1_4 fusion-one-fourth fusion-column-first\" style=\"width:25%;width:calc(25% - ( ( 4% ) * 0.25 ) );margin-right: 4%;margin-top:0px;margin-bottom:20px;\"><div class=\"fusion-column-wrapper fusion-flex-column-wrapper-legacy\" style=\"background-position:left top;background-repeat:no-repeat;-webkit-background-size:cover;-moz-background-size:cover;-o-background-size:cover;background-size:cover;padding: 0px 0px 0px 0px;\"><div class=\"fusion-text fusion-text-4\"><p><img decoding=\"async\" class=\"alignleft\" src=\"http:\/\/static.sportler.com\/presentation\/img\/mass\/female-1.jpg\" alt=\"Parametri donna\" \/><\/p>\n<\/div><div class=\"fusion-clearfix\"><\/div><\/div><\/div>\n<div class=\"fusion-layout-column fusion_builder_column_inner fusion-builder-nested-column-3 fusion_builder_column_inner_3_4 3_4 fusion-three-fourth fusion-column-last\" style=\"width:75%;width:calc(75% - ( ( 4% ) * 0.75 ) );margin-top:0px;margin-bottom:20px;\"><div class=\"fusion-column-wrapper fusion-flex-column-wrapper-legacy\" style=\"background-position:left top;background-repeat:no-repeat;-webkit-background-size:cover;-moz-background-size:cover;-o-background-size:cover;background-size:cover;padding: 0px 0px 0px 0px;\">\n<div class=\"fusion-text fusion-text-5\"><ol>\n<li><strong>Circonferenza petto:<\/strong><br \/>\ncon il metro misura orizzontalmente la circonferenza del girovita.<\/li>\n<li><strong>Circonferenza vita:<\/strong><br \/>\ncon un metro misura la circonferenza della vita senza fare pressione.<\/li>\n<li><strong>Circonferenza fianchi:<\/strong><br \/>\nmisura la parte pi\u00f9 sporgente dei fianchi.<\/li>\n<li><strong>Lunghezza gamba:<\/strong><br \/>\nmisura la lunghezza della gamba partendo dal fianco e arrivando fino al fondo.<\/li>\n<\/ol>\n<\/div>\n<div class=\"fusion-clearfix\"><\/div><\/div><\/div><\/div><\/div><\/div><\/div><div class=\"fusion-panel panel-default\"><div class=\"panel-heading\"><h4 class=\"panel-title toggle\"><a aria-expanded=\"false\" aria-controls=\"63bcb997d4faf3b7f\" role=\"button\" data-toggle=\"collapse\" data-parent=\"#accordion-13989-1\" data-target=\"#63bcb997d4faf3b7f\" href=\"#63bcb997d4faf3b7f\"><span class=\"fusion-toggle-icon-wrapper\" aria-hidden=\"true\"><i class=\"fa-fusion-box\" aria-hidden=\"true\"><\/i><\/span><span class=\"fusion-toggle-heading\">Soprascarpe Unisex<\/span><\/a><\/h4><\/div><div id=\"63bcb997d4faf3b7f\" class=\"panel-collapse collapse \"><div class=\"panel-body toggle-content fusion-clearfix\">\n<div class=\"table-1\">\n<h2>Soprascarpe: Castelli tabella misure<\/h2>\n<table width=\"100%\">\n<tbody>\n<tr class=\"tableizer-firstrow\">\n<td>S<\/td>\n<td>39-40<\/td>\n<\/tr>\n<tr>\n<td>M<\/td>\n<td>41-42<\/td>\n<\/tr>\n<tr>\n<td>L<\/td>\n<td>43-44<\/td>\n<\/tr>\n<tr>\n<td>XL<\/td>\n<td>45-46<\/td>\n<\/tr>\n<tr>\n<td>2XL<\/td>\n<td>47-48<\/td>\n<\/tr>\n<\/tbody>\n<\/table>\n<\/div>\n<\/div><\/div><\/div><\/div><\/div><div class=\"fusion-clearfix\"><\/div><\/div><\/div><\/div><style type=\"text\/css\">.fusion-fullwidth.fusion-builder-row-1 { overflow:visible; }<\/style><\/div><div class=\"fusion-fullwidth fullwidth-box fusion-builder-row-2 nonhundred-percent-fullwidth non-hundred-percent-height-scrolling\" style=\"background-color: rgba(255,255,255,0);background-position: center center;background-repeat: no-repeat;padding-top:0px;padding-right:0px;padding-bottom:0px;padding-left:0px;margin-bottom: 0px;margin-top: 0px;border-width: 0px 0px 0px 0px;border-color:#eae9e9;border-style:solid;\" ><div class=\"fusion-builder-row fusion-row\"><div class=\"fusion-layout-column fusion_builder_column fusion-builder-column-5 fusion_builder_column_1_1 1_1 fusion-one-full fusion-column-first fusion-column-last\" style=\"margin-top:0px;margin-bottom:20px;\"><div class=\"fusion-column-wrapper fusion-flex-column-wrapper-legacy\" style=\"background-position:left top;background-repeat:no-repeat;-webkit-background-size:cover;-moz-background-size:cover;-o-background-size:cover;background-size:cover;padding: 0px 0px 0px 0px;\"><pre style=\"display:none\">\n  <script type=\"text\/javascript\">\n\n    document.addEventListener('DOMContentLoaded', function() {\n    \/\/ Setup widget, load data and render using defined template\n    var mywidget = new econda.recengine.Widget({\n       element: document.getElementById('ecRecommendationsContainer_44'),\n       renderer: {\n          type: 'template',\n          uri: '\/wp-content\/plugins\/econda\/default-template.html'\n       },\n       accountId: '00001ce7-3f81d30f-7124-357f-babb-93627d6c986f-1',\n       id: '44',\n       context: {\n           \/\/ a context category of type brand named Salewa (replace with your category)\n           categories: [{\n              type: 'brand',\n              path: 'Castelli'\n\n           }]\n       }\n    });\n       mywidget.render();\n    }, false);\n\n  <\/script>\n<\/pre>\n<div class=\"fusion-clearfix\"><\/div><\/div><\/div><\/div><\/div><\/p>\n","protected":false},"excerpt":{"rendered":"","protected":false},"author":31,"featured_media":0,"parent":0,"menu_order":0,"comment_status":"open","ping_status":"open","template":"","meta":{"footnotes":""},"class_list":["post-13989","page","type-page","status-publish","hentry"],"jetpack_sharing_enabled":true,"_links":{"self":[{"href":"https:\/\/my.sportler.com\/it\/wp-json\/wp\/v2\/pages\/13989","targetHints":{"allow":["GET"]}}],"collection":[{"href":"https:\/\/my.sportler.com\/it\/wp-json\/wp\/v2\/pages"}],"about":[{"href":"https:\/\/my.sportler.com\/it\/wp-json\/wp\/v2\/types\/page"}],"author":[{"embeddable":true,"href":"https:\/\/my.sportler.com\/it\/wp-json\/wp\/v2\/users\/31"}],"replies":[{"embeddable":true,"href":"https:\/\/my.sportler.com\/it\/wp-json\/wp\/v2\/comments?post=13989"}],"version-history":[{"count":26,"href":"https:\/\/my.sportler.com\/it\/wp-json\/wp\/v2\/pages\/13989\/revisions"}],"predecessor-version":[{"id":101943,"href":"https:\/\/my.sportler.com\/it\/wp-json\/wp\/v2\/pages\/13989\/revisions\/101943"}],"wp:attachment":[{"href":"https:\/\/my.sportler.com\/it\/wp-json\/wp\/v2\/media?parent=13989"}],"curies":[{"name":"wp","href":"https:\/\/api.w.org\/{rel}","templated":true}]}}