{"id":30045,"date":"2015-02-20T09:27:48","date_gmt":"2015-02-20T08:27:48","guid":{"rendered":"http:\/\/my.sportler.com\/?page_id=30045"},"modified":"2018-05-08T09:55:58","modified_gmt":"2018-05-08T07:55:58","slug":"cerca-la-fortuna-dynafit-2015","status":"publish","type":"page","link":"https:\/\/my.sportler.com\/it\/cerca-la-fortuna-dynafit-2015\/","title":{"rendered":"Concorso a premi. Cerca la fortuna. Dynafit"},"content":{"rendered":"<p><div class=\"fusion-fullwidth fullwidth-box fusion-builder-row-1 hundred-percent-fullwidth non-hundred-percent-height-scrolling\" style=\"background-color: rgba(255,255,255,0);background-position: center center;background-repeat: no-repeat;padding-top:0px;padding-right:20px;padding-bottom:0px;padding-left:20px;margin-bottom: 0px;margin-top: 0px;border-width: 0px 0px 0px 0px;border-color:#eae9e9;border-style:solid;\" ><div class=\"fusion-builder-row fusion-row\"><div class=\"fusion-layout-column fusion_builder_column fusion-builder-column-0 fusion_builder_column_1_1 1_1 fusion-one-full fusion-column-first fusion-column-last fusion-column-no-min-height\" style=\"margin-top:0px;margin-bottom:0px;\"><div class=\"fusion-column-wrapper fusion-flex-column-wrapper-legacy\" style=\"background-position:left top;background-repeat:no-repeat;-webkit-background-size:cover;-moz-background-size:cover;-o-background-size:cover;background-size:cover;padding: 0px 0px 0px 0px;\"><div class=\"fusion-alert alert general alert-info fusion-alert-center fusion-alert-capitalize alert-dismissable alert-shadow\" style=\"background-color:#ffffff;color:rgba(128,128,128,1);border-color:rgba(128,128,128,1);border-width:1px;\"><button type=\"button\" class=\"close toggle-alert\" data-dismiss=\"alert\" aria-hidden=\"true\">&times;<\/button><div class=\"fusion-alert-content-wrapper\"><span class=\"alert-icon\"><i class=\"fa-lg fa fa-info-circle\" aria-hidden=\"true\"><\/i><\/span><span class=\"fusion-alert-content\"><a href=\"http:\/\/my.sportler.com\/it\/cerca-la-fortuna-lasportiva-2015\/\" target=\"_blank\">Concorso a premi di febbraio &#8220;La Sportiva&#8221;<\/a>: abbiamo il vincitore&#8230; scopri chi \u00e8!<\/span><\/div><\/div><div class=\"fusion-text fusion-text-1\"><\/div><div class=\"fusion-clearfix\"><\/div><\/div><\/div><\/div><style type=\"text\/css\">.fusion-fullwidth.fusion-builder-row-1 { overflow:visible; }<\/style><\/div><div class=\"fusion-fullwidth fullwidth-box fusion-builder-row-2 nonhundred-percent-fullwidth non-hundred-percent-height-scrolling\" style=\"background-color: #72c344;background-position: center top;background-repeat: no-repeat;padding-top:40px;padding-right:0px;padding-bottom:20px;padding-left:0px;margin-bottom: 0px;margin-top: 0px;border-width: 1px 0px 1px 0px;border-color:#72c344;border-style:solid;\" ><div class=\"fusion-builder-row fusion-row\"><div class=\"fusion-layout-column fusion_builder_column fusion-builder-column-1 fusion_builder_column_1_2 1_2 fusion-one-half fusion-column-first\" style=\"width:48%; margin-right: 4%;margin-top:0px;margin-bottom:20px;\"><div class=\"fusion-column-wrapper fusion-flex-column-wrapper-legacy\" style=\"background-position:left top;background-repeat:no-repeat;-webkit-background-size:cover;-moz-background-size:cover;-o-background-size:cover;background-size:cover;padding: 0px 0px 0px 0px;\"><div class=\"fusion-sep-clear\"><\/div><div class=\"fusion-separator fusion-full-width-sep\" style=\"margin-left: auto;margin-right: auto;margin-top:20px;margin-bottom:0px;width:100%;\"><\/div><div class=\"fusion-sep-clear\"><\/div><div class=\"fusion-text fusion-text-2\"><h1 style=\"margin-top: -10px !important; font-size: 50px; line-height: 45px !important; color: #ffffff !important;\">Concorso a premi.<\/h1>\n<h2 style=\"margin-top: -30px !important; font-size: 50px; line-height: 45px !important; color: #000000 !important;\">Cerca la fortuna.<\/h2>\n<p style=\"color: #ffffff !important; font-size: 18px;\">Vinci ogni mese un bellissimo premio messo a disposizione da uno dei nostri marchi top!<\/p>\n<\/div><div class=\"fusion-clearfix\"><\/div><\/div><\/div><div class=\"fusion-layout-column fusion_builder_column fusion-builder-column-2 fusion_builder_column_1_2 1_2 fusion-one-half fusion-column-last\" style=\"width:48%;margin-top:0px;margin-bottom:20px;\"><div class=\"fusion-column-wrapper fusion-flex-column-wrapper-legacy\" style=\"background-position:left top;background-repeat:no-repeat;-webkit-background-size:cover;-moz-background-size:cover;-o-background-size:cover;background-size:cover;padding: 0px 0px 0px 0px;\"><div class=\"fusion-text fusion-text-3\"><p><img decoding=\"async\" class=\"alignleft size-full wp-image-24260\" src=\"http:\/\/my.sportler.com\/wp-content\/uploads\/2014\/10\/gl\u00fccksklee_m1.png\" alt=\"gl\u00fccksklee_m\" width=\"220\" height=\"207\" srcset=\"https:\/\/my.sportler.com\/wp-content\/uploads\/2014\/10\/gl\u00fccksklee_m1-52x50.png 52w, https:\/\/my.sportler.com\/wp-content\/uploads\/2014\/10\/gl\u00fccksklee_m1.png 220w\" sizes=\"(max-width: 220px) 100vw, 220px\" \/><\/p>\n<\/div><div class=\"fusion-clearfix\"><\/div><\/div><\/div><\/div><\/div><div class=\"fusion-fullwidth fullwidth-box fusion-builder-row-3 nonhundred-percent-fullwidth non-hundred-percent-height-scrolling\" style=\"background-color: #f2f2f2;background-position: left top;background-repeat: no-repeat;padding-top:30px;padding-right:0px;padding-bottom:10px;padding-left:0px;margin-bottom: 0px;margin-top: 0px;border-width: 0px 0px 0px 0px;border-color:#eae9e9;border-style:solid;\" ><div class=\"fusion-builder-row fusion-row\"><div class=\"fusion-layout-column fusion_builder_column fusion-builder-column-3 fusion_builder_column_1_3 1_3 fusion-one-third fusion-column-first\" style=\"width:30.6666%; margin-right: 4%;margin-top:0px;margin-bottom:20px;\"><div class=\"fusion-column-wrapper fusion-flex-column-wrapper-legacy\" style=\"background-position:left top;background-repeat:no-repeat;-webkit-background-size:cover;-moz-background-size:cover;-o-background-size:cover;background-size:cover;padding: 0px 0px 0px 0px;\"><span class=\" fusion-imageframe imageframe-none imageframe-1 hover-type-none\" style=\"margin-right:25px;float:left;\"><img decoding=\"async\" src=\"http:\/\/my.sportler.com\/wp-content\/uploads\/2015\/02\/Logo_Dynafit-220x153.png\" class=\"img-responsive\"\/><\/span><div class=\"fusion-clearfix\"><\/div><\/div><\/div><div class=\"fusion-layout-column fusion_builder_column fusion-builder-column-4 fusion_builder_column_2_3 2_3 fusion-two-third fusion-column-last\" style=\"width:65.3333%;margin-top:0px;margin-bottom:20px;\"><div class=\"fusion-column-wrapper fusion-flex-column-wrapper-legacy\" style=\"background-position:left top;background-repeat:no-repeat;-webkit-background-size:cover;-moz-background-size:cover;-o-background-size:cover;background-size:cover;padding: 0px 0px 0px 0px;\"><div class=\"fusion-text fusion-text-4\"><p style=\"font-size: 18px; padding-top: 30px;\">Il vincitore dei nuovissimi sci da scialpinismo <strong>Broad Peak<\/strong> (modello 2016) <strong>con attacco TLT Speed Superlite 2.0<\/strong> dal valore commerciale di 1.100- \u20ac si chiama <strong>Konrad Hollatz<\/strong>. Congratulazioni!<\/p>\n<\/div><div class=\"fusion-clearfix\"><\/div><\/div><\/div><\/div>[\/fusion_builder_container padding_right=\"20px\"  padding_left=\"20px\" ]<div class=\"fusion-fullwidth fullwidth-box fusion-builder-row-3-1 hundred-percent-fullwidth non-hundred-percent-height-scrolling\" style=\"background-color: rgba(255,255,255,0);background-position: center center;background-repeat: no-repeat;padding-top:0px;padding-right:0px;padding-bottom:0px;padding-left:0px;margin-bottom: 0px;margin-top: 0px;border-width: 0px 0px 0px 0px;border-color:#eae9e9;border-style:solid;\" ><style type=\"text\/css\">.fusion-fullwidth.fusion-builder-row-3-1 { overflow:visible; }<\/style><\/div><div class=\"fusion-builder-row fusion-row\"><div class=\"fusion-layout-column fusion_builder_column fusion-builder-column-5 fusion_builder_column_1_1 1_1 fusion-one-full fusion-column-first fusion-column-last fusion-column-no-min-height\" style=\"margin-top:0px;margin-bottom:0px;\"><div class=\"fusion-column-wrapper fusion-flex-column-wrapper-legacy\" style=\"background-position:left top;background-repeat:no-repeat;-webkit-background-size:cover;-moz-background-size:cover;-o-background-size:cover;background-size:cover;padding: 0px 0px 0px 0px;\"><div class=\"fusion-section-separator section-separator triangle fusion-section-separator-1\"><div class=\"fusion-section-separator-svg\" style=\"border-bottom:0px solid #f2f2f2;margin-left: 0px;margin-right: 0px;\"><div class=\"divider-candy-arrow bottom\" style=\"top:0px;border-top-color: #f2f2f2;\"><\/div><div class=\"divider-candy bottom\" style=\"bottom:-20px;border-bottom:1px solid #f2f2f2;border-left:1px solid #f2f2f2;\"><\/div><\/div><div class=\"fusion-section-separator-spacer\"><div class=\"fusion-section-separator-spacer-height\" style=\"height:0px;\"><\/div><\/div><\/div><div class=\"fusion-clearfix\"><\/div><\/div><\/div><\/div><\/div><div class=\"fusion-fullwidth fullwidth-box fusion-builder-row-4 nonhundred-percent-fullwidth non-hundred-percent-height-scrolling\" style=\"background-color: rgba(255,255,255,0);background-position: left top;background-repeat: no-repeat;padding-top:65px;padding-right:0px;padding-bottom:45px;padding-left:0px;margin-bottom: 0px;margin-top: 0px;border-width: 0px 0px 0px 0px;border-color:#eae9e9;border-style:solid;\" ><div class=\"fusion-builder-row fusion-row\"><div class=\"fusion-layout-column fusion_builder_column fusion-builder-column-6 fusion_builder_column_1_2 1_2 fusion-one-half fusion-column-first\" style=\"width:48%; margin-right: 4%;margin-top:0px;margin-bottom:20px;\"><div class=\"fusion-column-wrapper fusion-flex-column-wrapper-legacy\" style=\"background-position:left top;background-repeat:no-repeat;-webkit-background-size:cover;-moz-background-size:cover;-o-background-size:cover;background-size:cover;padding: 0px 0px 0px 0px;\"><div class=\"fusion-text fusion-text-5\"><h2>Non sono ancora in commercio, ma li puoi gi\u00e0 vincere: Dynafit Broad Peak 2016 con attacco TLT Superlite 2.0<\/h2>\n<p>Il nuovissimo modello di sci da scialpinismo Dynafit Broad Peak \u00e8 stato presentato all&#8217;ISPO (la fiera di riferimento per gli sport invernali) solo poche settimane fa e andranno sul mercato il prossimo autunno. Ma con un po\u2019 di fortuna, tu potresti indossarli a breve!<br \/>\nLo sci <strong>Broad Peak <\/strong>firmato<a title=\"Dynafit\" href=\"http:\/\/www.sportler.com\/it\/m\/dynafit\/pageResults-96-page-1.html\" target=\"_blank\"><strong> Dynafit<\/strong><\/a> \u00e8 storicamente uno dei pi\u00f9 apprezzati nello scialpinismo, un vero e proprio classico. Ora si rinnova diventando ancora pi\u00f9 leggero (soli 1050 grammi nella taglia 167), sicuro in curva e affidabile su pendii ripidi anche ghiacciati. La costruzione 3D in carbonio permette allo sci di ammortizzare perfettamente i colpi. Il rocker anteriore e posteriore offre una maggiore governabilit\u00e0 dello sci su ogni tipo di neve con un maggiore controllo della velocit\u00e0 anche su terreni ripidi. Un altro elemento di punta del Broad Peak \u00e8 il Dual Radius che consente un comportamento neutro in curva per una maggiore affidabilit\u00e0 in discesa.<br \/>\nUno sci cos\u00ec leggero e performante non poteva non essere accompagnato da un attacco che non fosse alla sua altezza: il <strong>TLT Speed Superlite 2.0<\/strong>. Con soli 175 grammi \u00e8 l\u2019attacco regolabile con ski stopper pi\u00f9 leggero al mondo. La meccanica di sgancio \u00e8 perfettamente affidabile e di facile utilizzo. Un perfetto mix tra leggerezza e sicurezza.<\/p>\n<p>Rispondi correttamente alla seguente domanda e con un po\u2019 di fortuna potresti chiudere la tua stagione scialpinistica con questo fantastico nuovo compagno di avventure!<\/p>\n<\/div><div class=\"fusion-clearfix\"><\/div><\/div><\/div><div class=\"fusion-layout-column fusion_builder_column fusion-builder-column-7 fusion_builder_column_1_2 1_2 fusion-one-half fusion-column-last\" style=\"width:48%;margin-top:0px;margin-bottom:20px;\"><div class=\"fusion-column-wrapper fusion-flex-column-wrapper-legacy\" style=\"background-position:left top;background-repeat:no-repeat;-webkit-background-size:cover;-moz-background-size:cover;-o-background-size:cover;background-size:cover;padding: 0px 0px 0px 0px;\"><div class=\"fusion-text fusion-text-6\"><p><a href=\"http:\/\/my.sportler.com\/wp-content\/uploads\/2015\/02\/Dynafit-Grafik-LP.jpg\"><img decoding=\"async\" class=\"alignleft size-large wp-image-30052\" src=\"http:\/\/my.sportler.com\/wp-content\/uploads\/2015\/02\/Dynafit-Grafik-LP-677x1024.jpg\" alt=\"Vinci Dynafit Broad Peak 2016\" width=\"669\" height=\"1012\" srcset=\"https:\/\/my.sportler.com\/wp-content\/uploads\/2015\/02\/Dynafit-Grafik-LP-198x300.jpg 198w, https:\/\/my.sportler.com\/wp-content\/uploads\/2015\/02\/Dynafit-Grafik-LP-677x1024.jpg 677w, https:\/\/my.sportler.com\/wp-content\/uploads\/2015\/02\/Dynafit-Grafik-LP.jpg 1000w\" sizes=\"(max-width: 669px) 100vw, 669px\" \/><\/a><\/p>\n<\/div><div class=\"fusion-clearfix\"><\/div><\/div><\/div><\/div><\/div><div class=\"fusion-fullwidth fullwidth-box fusion-builder-row-5 nonhundred-percent-fullwidth non-hundred-percent-height-scrolling\" style=\"background-color: #f2f2f2;background-position: left top;background-repeat: no-repeat;padding-top:45px;padding-right:0px;padding-bottom:45px;padding-left:0px;margin-bottom: 0px;margin-top: 0px;border-width: 0px 0px 0px 0px;border-color:#eae9e9;border-style:solid;\" ><div class=\"fusion-builder-row fusion-row\"><div class=\"fusion-layout-column fusion_builder_column fusion-builder-column-8 fusion_builder_column_1_1 1_1 fusion-one-full fusion-column-first fusion-column-last fusion-column-no-min-height\" style=\"margin-top:0px;margin-bottom:0px;\"><div class=\"fusion-column-wrapper fusion-flex-column-wrapper-legacy\" style=\"background-position:left top;background-repeat:no-repeat;-webkit-background-size:cover;-moz-background-size:cover;-o-background-size:cover;background-size:cover;padding: 0px 0px 0px 0px;\"><div class=\"fusion-text fusion-text-7\">\n<\/div><div class=\"fusion-clearfix\"><\/div><\/div><\/div><\/div>[\/fusion_builder_container padding_right=\"20px\"  padding_left=\"20px\" ]<div class=\"fusion-fullwidth fullwidth-box fusion-builder-row-5-1 hundred-percent-fullwidth non-hundred-percent-height-scrolling\" style=\"background-color: rgba(255,255,255,0);background-position: center center;background-repeat: no-repeat;padding-top:0px;padding-right:0px;padding-bottom:0px;padding-left:0px;margin-bottom: 0px;margin-top: 30px;border-width: 0px 0px 0px 0px;border-color:#eae9e9;border-style:solid;\" ><style type=\"text\/css\">.fusion-fullwidth.fusion-builder-row-5-1 { overflow:visible; }<\/style><\/div><div class=\"fusion-builder-row fusion-row\"><div class=\"fusion-layout-column fusion_builder_column fusion-builder-column-9 fusion_builder_column_1_1 1_1 fusion-one-full fusion-column-first fusion-column-last fusion-column-no-min-height\" style=\"margin-top:0px;margin-bottom:0px;\"><div class=\"fusion-column-wrapper fusion-flex-column-wrapper-legacy\" style=\"background-position:left top;background-repeat:no-repeat;-webkit-background-size:cover;-moz-background-size:cover;-o-background-size:cover;background-size:cover;padding: 0px 0px 0px 0px;\"><div class=\"fusion-sep-clear\"><\/div><div class=\"fusion-separator fusion-full-width-sep\" style=\"margin-left: auto;margin-right: auto;width:100%;\"><\/div><div class=\"fusion-sep-clear\"><\/div><div class=\"fusion-clearfix\"><\/div><\/div><\/div><\/div>[\/fusion_builder_container padding_right=\"20px\"  padding_left=\"20px\" ]<div class=\"fusion-fullwidth fullwidth-box fusion-builder-row-5-2 hundred-percent-fullwidth non-hundred-percent-height-scrolling\" style=\"background-color: rgba(255,255,255,0);background-position: center center;background-repeat: no-repeat;padding-top:0px;padding-right:0px;padding-bottom:0px;padding-left:0px;margin-bottom: 0px;margin-top: 0px;border-width: 0px 0px 0px 0px;border-color:#eae9e9;border-style:solid;\" ><style type=\"text\/css\">.fusion-fullwidth.fusion-builder-row-5-2 { overflow:visible; }<\/style><\/div><div class=\"fusion-builder-row fusion-row\"><div class=\"fusion-layout-column fusion_builder_column fusion-builder-column-10 fusion_builder_column_1_1 1_1 fusion-one-full fusion-column-first fusion-column-last fusion-column-no-min-height\" style=\"margin-top:0px;margin-bottom:0px;\"><div class=\"fusion-column-wrapper fusion-flex-column-wrapper-legacy\" style=\"background-position:left top;background-repeat:no-repeat;-webkit-background-size:cover;-moz-background-size:cover;-o-background-size:cover;background-size:cover;padding: 0px 0px 0px 0px;\"><div class=\"fusion-text fusion-text-8\"><\/div><div class=\"fusion-clearfix\"><\/div><\/div><\/div><\/div><\/div><\/p>\n","protected":false},"excerpt":{"rendered":"","protected":false},"author":14,"featured_media":0,"parent":0,"menu_order":0,"comment_status":"open","ping_status":"open","template":"100-width.php","meta":{"footnotes":""},"class_list":["post-30045","page","type-page","status-publish","hentry"],"jetpack_sharing_enabled":true,"_links":{"self":[{"href":"https:\/\/my.sportler.com\/it\/wp-json\/wp\/v2\/pages\/30045","targetHints":{"allow":["GET"]}}],"collection":[{"href":"https:\/\/my.sportler.com\/it\/wp-json\/wp\/v2\/pages"}],"about":[{"href":"https:\/\/my.sportler.com\/it\/wp-json\/wp\/v2\/types\/page"}],"author":[{"embeddable":true,"href":"https:\/\/my.sportler.com\/it\/wp-json\/wp\/v2\/users\/14"}],"replies":[{"embeddable":true,"href":"https:\/\/my.sportler.com\/it\/wp-json\/wp\/v2\/comments?post=30045"}],"version-history":[{"count":2,"href":"https:\/\/my.sportler.com\/it\/wp-json\/wp\/v2\/pages\/30045\/revisions"}],"predecessor-version":[{"id":88671,"href":"https:\/\/my.sportler.com\/it\/wp-json\/wp\/v2\/pages\/30045\/revisions\/88671"}],"wp:attachment":[{"href":"https:\/\/my.sportler.com\/it\/wp-json\/wp\/v2\/media?parent=30045"}],"curies":[{"name":"wp","href":"https:\/\/api.w.org\/{rel}","templated":true}]}}