{"id":4437,"date":"2013-02-28T15:36:35","date_gmt":"2013-02-28T14:36:35","guid":{"rendered":"http:\/\/my.sportler.com\/belvita-wellness-2\/"},"modified":"2018-05-08T09:58:51","modified_gmt":"2018-05-08T07:58:51","slug":"belvita-wellness","status":"publish","type":"page","link":"https:\/\/my.sportler.com\/it\/belvita-wellness\/","title":{"rendered":"Wellness hotel Alto Adige \u2013 Benessere &#038; Salute"},"content":{"rendered":"<div class=\"fusion-fullwidth fullwidth-box fusion-builder-row-1 hundred-percent-fullwidth non-hundred-percent-height-scrolling\" style=\"background-color: rgba(255,255,255,0);background-position: center center;background-repeat: no-repeat;padding-top:0px;padding-right:0px;padding-bottom:0px;padding-left:0px;margin-bottom: 0px;margin-top: 0px;border-width: 0px 0px 0px 0px;border-color:#eae9e9;border-style:solid;\" ><div class=\"fusion-builder-row fusion-row\"><div class=\"fusion-layout-column fusion_builder_column fusion-builder-column-0 fusion_builder_column_1_1 1_1 fusion-one-full fusion-column-first fusion-column-last fusion-column-no-min-height\" style=\"margin-top:0px;margin-bottom:0px;\"><div class=\"fusion-column-wrapper fusion-flex-column-wrapper-legacy\" style=\"background-position:left top;background-repeat:no-repeat;-webkit-background-size:cover;-moz-background-size:cover;-o-background-size:cover;background-size:cover;padding: 0px 0px 0px 0px;\"><div class=\"fusion-text fusion-text-1\"><h2>Acquista scarponi da montagna, bastoncini o zaino da escursione e assicurati un buono per un massage parziale del valore di 35\u20ac!<\/h2>\n<p>Assicurati adesso e solo <strong>fino al 31\/05\/2015<\/strong> un buono per un massaggio parziale del valore di 35\u20ac in uno dei Belvita Leading<br \/>\nWellnesshotel S\u00fcdtirol.<\/p>\n<p>All\u2019acquisto di scarponi da montagna, bastoncini o zaino da escursione da SPORTLER* tutti i clienti ricevono un buono per un massaggio parziale del valore di 35\u20ac in uno dei Belvita Leading Wellnesshotel S\u00fcdtirol a propria scelta.<\/p>\n<p><em>*promozione valida in tutte le filiale SPORTLER, esclusi: SPORTLER Flasgship Store Bolzano, Merano Sport, Brunico Sport, Trento Sport.<\/em> <em>L\u2019iniziativa \u00e8 valida con l\u2019acquisto di uno degli articoli da escursionismo sopraindicati presso SPORTLER dal 1\u00b0 al 31 maggio<\/em> <em>2015. Con la prenotazione di un soggiorno di almeno tre notti in uno degli hotel presenti su www.belvita.it, si ha diritto a un<\/em> <em>buono del valore di 35\u20ac a camera. Il buono deve essere segnalato in fase di prenotazione, non \u00e8 cumulabile con altri<\/em> <em>buoni, non \u00e8 rimborsabile in forma di denaro e deve essere esibito in originale all\u2019arrivo in hotel.<\/em> <em>Buono valido fino al 31.05.2016. <\/em><em>Info hotel: i costi del buono per il massaggio sono sostenuti dall\u2019hotel prenotato.<\/em><\/p>\n<h2><img decoding=\"async\" class=\" size-full wp-image-33622 aligncenter\" src=\"http:\/\/my.sportler.com\/wp-content\/uploads\/2015\/04\/Belvita3.jpg\" alt=\"Belvita\" width=\"700\" height=\"441\" srcset=\"https:\/\/my.sportler.com\/wp-content\/uploads\/2015\/04\/Belvita3-300x189.jpg 300w, https:\/\/my.sportler.com\/wp-content\/uploads\/2015\/04\/Belvita3-320x202.jpg 320w, https:\/\/my.sportler.com\/wp-content\/uploads\/2015\/04\/Belvita3.jpg 700w\" sizes=\"(max-width: 700px) 100vw, 700px\" \/><\/h2>\n<p>&nbsp;<\/p>\n<h2>First Class Wellness nel cuore dell\u2019Alto Adige<\/h2>\n<p>I Belvita Leading Wellnesshotels S\u00fcdtirol propongono una vacanza di altissimo livello. Gli hotel 4 e 5 stelle si trovano nei luoghi pi\u00f9 incantevoli dell\u2019Alto Adige e poggiano sui temi fondamentali di Wellfeeling, Beauty, Fitness e Vital Cuisine, il cui unico obiettivo \u00e8 il benessere di ogni ospite. Rigenerazione esclusiva in oasi spa avvolgenti, movimento e cucina vital dai sapori raffinati, si schiudono in un mondo di rigenerazione pura, dove trovare tanto tempo per se stessi e lasciarsi alle spalle la quotidianit\u00e0.<br \/>\nSono 30 gli hotel a conduzione familiare specializzati nei diversi ambiti \u2013 Mountain Active, You &amp; Me, Premium Spa, Small &amp; Fine, Gourmet Cuisine, Family 0-6, Family 7-14 \u2013 e offrono a tutti voi un soggiorno su misura allietato da panorami straordinari.<\/p>\n<p>I Belvita Leading Wellnesshotels S\u00fcdtirol\u00a0 sono la garanzia per una vacanza in ambienti unici che producono istantaneamente una piacevole sensazione di benessere e confortevolezza. La conferma di ci\u00f2 \u00e8 data dagli standard qualitativi elevati e da controlli costanti che mantengono la promessa di qualit\u00e0 di ogni vacanza firmata Belvita Leading Wellnesshotels S\u00fcdtirol.<\/p>\n<h2><\/h2>\n<h2><\/h2>\n<h2>Belvita Wellness hotel Alto Adige \u2013 Benessere &amp; Salute<\/h2>\n<p>Benvenuta primavera, benvenuti da Belvita. Trascorrete una vacanza in un hotel Belvita per tuffarvi in un mondo di benessere, tranquillit\u00e0 e riposo!<\/p>\n<p><img decoding=\"async\" class=\"aligncenter size-full wp-image-33859\" src=\"http:\/\/my.sportler.com\/wp-content\/uploads\/2013\/02\/Belvita4.jpg\" alt=\"Belvita4\" width=\"700\" height=\"441\" srcset=\"https:\/\/my.sportler.com\/wp-content\/uploads\/2013\/02\/Belvita4-300x189.jpg 300w, https:\/\/my.sportler.com\/wp-content\/uploads\/2013\/02\/Belvita4-320x202.jpg 320w, https:\/\/my.sportler.com\/wp-content\/uploads\/2013\/02\/Belvita4.jpg 700w\" sizes=\"(max-width: 700px) 100vw, 700px\" \/><\/p>\n<p><strong>Puro benessere gi\u00e0 a partire da \u20ac 105<\/strong><\/p>\n<p>Benessere e relax in Alto Adige in uno dei nostri 30 Hotel Belvita in tutto l\u2019Alto Adige. Le migliori offerte lastminute preparati per voi.<\/p>\n<p><a title=\"Puro benessere e relax\" href=\"http:\/\/www.belvita.it\/it\/offerte\/lastminute\/?utm_source=sportler.com&amp;utm_medium=newsletter&amp;utm_term=sportler-news&amp;utm_content=lastminute&amp;utm_campaign=06-03-2013&amp;tao_campaign=cp6qqy2j24\" target=\"_blank\">vedi offerta\u2026<\/a><\/p>\n<p><img decoding=\"async\" class=\" size-full wp-image-33620 aligncenter\" src=\"http:\/\/my.sportler.com\/wp-content\/uploads\/2015\/04\/Belvita2.jpg\" alt=\"Belvita\" width=\"700\" height=\"441\" srcset=\"https:\/\/my.sportler.com\/wp-content\/uploads\/2015\/04\/Belvita2-300x189.jpg 300w, https:\/\/my.sportler.com\/wp-content\/uploads\/2015\/04\/Belvita2-320x202.jpg 320w, https:\/\/my.sportler.com\/wp-content\/uploads\/2015\/04\/Belvita2.jpg 700w\" sizes=\"(max-width: 700px) 100vw, 700px\" \/><\/p>\n<p><strong>Dolce risveglio di primavera<\/strong><\/p>\n<p>Dimagrire in modo sano con Belvita. I migliori consigli negli hotel Belvita per dimagrire in modo facile, grazie ad un\u2019alimentazione sana e vitale!<\/p>\n<p><a title=\"Dolce risveglio di primavera - Belvita Hotels\" href=\"http:\/\/www.belvita.it\/it\/dimagrire\/?utm_source=sportler.com&amp;utm_medium=newsletter&amp;utm_term=sportler-news&amp;utm_content=abnehmen&amp;utm_campaign=06-03-2013&amp;tao_campaign=cp6qqy2j24\" target=\"_blank\">vedi offerta\u2026<\/a><\/p>\n<p><img decoding=\"async\" class=\" size-full wp-image-33618 aligncenter\" src=\"http:\/\/my.sportler.com\/wp-content\/uploads\/2015\/04\/Belvita1.jpg\" alt=\"Belvita\" width=\"700\" height=\"441\" srcset=\"https:\/\/my.sportler.com\/wp-content\/uploads\/2015\/04\/Belvita1-300x189.jpg 300w, https:\/\/my.sportler.com\/wp-content\/uploads\/2015\/04\/Belvita1-320x202.jpg 320w, https:\/\/my.sportler.com\/wp-content\/uploads\/2015\/04\/Belvita1.jpg 700w\" sizes=\"(max-width: 700px) 100vw, 700px\" \/><\/p>\n<p><strong>Richiedete il catalogo Belvita 2013<\/strong><\/p>\n<p>Qui potete ordinare in modo facile e comodo il catalogo Belvita 2013. Ordinate subito benessere e relax in uno dei 30 migliori hotel benessere Belvita.<\/p>\n<p><a title=\"Ordine catalogo - Belvita\" href=\"http:\/\/www.belvita.it\/it\/belvita-more\/catalogo-belvita\/?utm_source=sportler.com&amp;utm_medium=newsletter&amp;utm_term=sportler-news&amp;utm_content=katalog&amp;utm_campaign=06-03-2013&amp;tao_campaign=cp6qqy2j24\" target=\"_blank\">all\u2018 ordine del catalogo&#8230;<\/a><\/p>\n<p><a href=\"http:\/\/www.belvita.it\/it\/belvita-more\/catalogo-belvita\/?utm_source=sportler.com&amp;utm_medium=newsletter&amp;utm_term=sportler-news&amp;utm_content=katalog&amp;utm_campaign=06-03-2013&amp;tao_campaign=cp6qqy2j24\" target=\"_blank\"><img decoding=\"async\" class=\" size-full wp-image-33865 alignleft\" src=\"http:\/\/my.sportler.com\/wp-content\/uploads\/2013\/02\/katalog-15-de-1273416.jpg\" alt=\"katalog-15-de-1273416\" width=\"317\" height=\"171\" srcset=\"https:\/\/my.sportler.com\/wp-content\/uploads\/2013\/02\/katalog-15-de-1273416-300x162.jpg 300w, https:\/\/my.sportler.com\/wp-content\/uploads\/2013\/02\/katalog-15-de-1273416.jpg 317w\" sizes=\"(max-width: 317px) 100vw, 317px\" \/><\/a><\/p>\n<p>&nbsp;<\/p>\n<p>&nbsp;<\/p>\n<p>&nbsp;<\/p>\n<p>&nbsp;<\/p>\n<p>&nbsp;<\/p>\n<p><strong>Ulteriori informazioni da: <a title=\"Belvita Hotels Alto Adige\" href=\"http:\/\/www.belvita.it\/it\/?utm_source=sportler.com&amp;utm_medium=newsletter&amp;utm_term=sportler-news&amp;utm_content=logo-belvita&amp;utm_campaign=06-03-2013&amp;tao_campaign=cp6qqy2j24\" target=\"_blank\">www.belvita.it<\/a><\/strong><\/p>\n<p><a title=\"Belvita Wellness Hotel Alto Adige\" href=\"http:\/\/www.belvita.it\/it\/?utm_source=sportler.com&amp;utm_medium=newsletter&amp;utm_term=sportler-news&amp;utm_content=logo-belvita&amp;utm_campaign=06-03-2013&amp;tao_campaign=cp6qqy2j24\" target=\"_blank\"><img decoding=\"async\" src=\"http:\/\/my.sportler.com\/wp-content\/uploads\/2013\/02\/Belvita-Logo-300x132.jpg\" alt=\"Belvita Logo\" width=\"300\" height=\"132\" \/><\/a><\/p>\n<\/div><div class=\"fusion-clearfix\"><\/div><\/div><\/div><\/div><style type=\"text\/css\">.fusion-fullwidth.fusion-builder-row-1 { overflow:visible; }<\/style><\/div>\n","protected":false},"excerpt":{"rendered":"","protected":false},"author":12,"featured_media":0,"parent":0,"menu_order":0,"comment_status":"open","ping_status":"open","template":"","meta":{"footnotes":""},"class_list":["post-4437","page","type-page","status-publish","hentry"],"jetpack_sharing_enabled":true,"_links":{"self":[{"href":"https:\/\/my.sportler.com\/it\/wp-json\/wp\/v2\/pages\/4437","targetHints":{"allow":["GET"]}}],"collection":[{"href":"https:\/\/my.sportler.com\/it\/wp-json\/wp\/v2\/pages"}],"about":[{"href":"https:\/\/my.sportler.com\/it\/wp-json\/wp\/v2\/types\/page"}],"author":[{"embeddable":true,"href":"https:\/\/my.sportler.com\/it\/wp-json\/wp\/v2\/users\/12"}],"replies":[{"embeddable":true,"href":"https:\/\/my.sportler.com\/it\/wp-json\/wp\/v2\/comments?post=4437"}],"version-history":[{"count":1,"href":"https:\/\/my.sportler.com\/it\/wp-json\/wp\/v2\/pages\/4437\/revisions"}],"predecessor-version":[{"id":86954,"href":"https:\/\/my.sportler.com\/it\/wp-json\/wp\/v2\/pages\/4437\/revisions\/86954"}],"wp:attachment":[{"href":"https:\/\/my.sportler.com\/it\/wp-json\/wp\/v2\/media?parent=4437"}],"curies":[{"name":"wp","href":"https:\/\/api.w.org\/{rel}","templated":true}]}}