{"id":55645,"date":"2016-03-16T15:06:30","date_gmt":"2016-03-16T14:06:30","guid":{"rendered":"http:\/\/my.sportler.com\/it\/?page_id=55645"},"modified":"2018-05-08T09:50:35","modified_gmt":"2018-05-08T07:50:35","slug":"vauderecycletour","status":"publish","type":"page","link":"https:\/\/my.sportler.com\/it\/vauderecycletour\/","title":{"rendered":"Partecipa al VAUDE Re-cycle-Tour!"},"content":{"rendered":"<p><div class=\"fusion-fullwidth fullwidth-box fusion-builder-row-1 fusion-parallax-none nonhundred-percent-fullwidth non-hundred-percent-height-scrolling\" style=\"background-color: rgba(255,255,255,0);background-image: url(&quot;http:\/\/my.sportler.com\/wp-content\/uploads\/2016\/03\/header-VAUDE-1.jpg&quot;);background-position: center top;background-repeat: no-repeat;padding-top:250px;padding-right:0px;padding-bottom:250px;padding-left:0px;margin-bottom: 0px;margin-top: 0px;border-width: 0px 0px 0px 0px;border-color:#eae9e9;border-style:solid;-webkit-background-size:cover;-moz-background-size:cover;-o-background-size:cover;background-size:cover;\" ><div class=\"fusion-builder-row fusion-row\"><div class=\"fusion-layout-column fusion_builder_column fusion-builder-column-0 fusion_builder_column_1_1 1_1 fusion-one-full fusion-column-first fusion-column-last fusion-column-no-min-height\" style=\"margin-top:0px;margin-bottom:0px;\"><div class=\"fusion-column-wrapper fusion-flex-column-wrapper-legacy\" style=\"background-position:left top;background-repeat:no-repeat;-webkit-background-size:cover;-moz-background-size:cover;-o-background-size:cover;background-size:cover;padding: 0px 0px 0px 0px;\"><div class=\"fusion-text fusion-text-1\"><h1 style=\"text-align: center;\"><span style=\"color: #ebebeb;\">VINCERE IN MODO ECOLOGICO ED EQUO!<\/span><\/h1>\n<\/div><div class=\"fusion-aligncenter\"><style type=\"text\/css\">.fusion-button.button-1 .fusion-button-text, .fusion-button.button-1 i {color:#ebebeb;}.fusion-button.button-1 .fusion-button-icon-divider{border-color:#ebebeb;}.fusion-button.button-1:hover .fusion-button-text, .fusion-button.button-1:hover i,.fusion-button.button-1:focus .fusion-button-text, .fusion-button.button-1:focus i,.fusion-button.button-1:active .fusion-button-text, .fusion-button.button-1:active{color:#ffffff;}.fusion-button.button-1:hover .fusion-button-icon-divider, .fusion-button.button-1:hover .fusion-button-icon-divider, .fusion-button.button-1:active .fusion-button-icon-divider{border-color:#ffffff;}.fusion-button.button-1:hover, .fusion-button.button-1:focus, .fusion-button.button-1:active{border-color:#ffffff;border-width:2PX;}.fusion-button.button-1 {border-color:#ebebeb;border-width:2PX;border-radius:0px;}.fusion-button.button-1{background: TRANSPARENT;}.fusion-button.button-1:hover,.button-1:focus,.fusion-button.button-1:active{background: #00b0ea;}<\/style><a class=\"fusion-button button-flat button-xlarge button-custom button-1 fusion-button-default-span fusion-button-default-type\" target=\"_self\" href=\"http:\/\/my.sportler.com\/it\/vauderecycletour\/#partecipa\"><span class=\"fusion-button-text\">PARTECIPA E VINCI<\/span><\/a><\/div><div class=\"fusion-clearfix\"><\/div><\/div><\/div><\/div><\/div><div class=\"fusion-fullwidth fullwidth-box fusion-builder-row-2 nonhundred-percent-fullwidth non-hundred-percent-height-scrolling\" style=\"background-color: rgba(255,255,255,0);background-position: left top;background-repeat: no-repeat;padding-top:60px;padding-right:0px;padding-bottom:20px;padding-left:0px;margin-bottom: 0px;margin-top: 0px;border-width: 0px 0px 0px 0px;border-color:#eae9e9;border-style:solid;\" ><div class=\"fusion-builder-row fusion-row\"><div class=\"fusion-layout-column fusion_builder_column fusion-builder-column-1 fusion_builder_column_1_2 1_2 fusion-one-half fusion-column-first\" style=\"width:48%; margin-right: 4%;margin-top:0px;margin-bottom:20px;\"><div class=\"fusion-column-wrapper fusion-flex-column-wrapper-legacy\" style=\"background-position:left top;background-repeat:no-repeat;-webkit-background-size:cover;-moz-background-size:cover;-o-background-size:cover;background-size:cover;padding: 0px 0px 0px 0px;\"><div class=\"fusion-text fusion-text-2\"><h2 class=\"et_pb_toggle_title\">1\u00b0 premio: weekend outdoor<\/h2>\n<\/div><span class=\" fusion-imageframe imageframe-none imageframe-1 hover-type-none\"><a class=\"fusion-no-lightbox\" href=\"http:\/\/www.feelfree.at\/en\/rafting-tyrol\/home.html\" target=\"_blank\" rel=\"noopener noreferrer\"><img decoding=\"async\" src=\"http:\/\/my.sportler.com\/wp-content\/uploads\/2016\/03\/1.Preis_.jpg\" class=\"img-responsive\"\/><\/a><\/span><div class=\"fusion-sep-clear\"><\/div><div class=\"fusion-separator fusion-full-width-sep\" style=\"margin-left: auto;margin-right: auto;margin-top:10px;margin-bottom:10px;width:100%;\"><\/div><div class=\"fusion-sep-clear\"><\/div><div class=\"fusion-text fusion-text-3\"><p>Il fortunato vincitore del fine settimana outdoor si chiama <strong>Mimmo Di Bartolomeo<\/strong>.<\/p>\n<p>Congratulazioni Mimmo!<\/p>\n<\/div><div class=\"fusion-sep-clear\"><\/div><div class=\"fusion-separator fusion-full-width-sep\" style=\"margin-left: auto;margin-right: auto;margin-top:10px;margin-bottom:10px;width:100%;\"><\/div><div class=\"fusion-sep-clear\"><\/div><style type=\"text\/css\">.fusion-accordian  #accordion-55645-1 .panel-title a .fa-fusion-box{ color: #ffffff;}.fusion-accordian  #accordion-55645-1 .panel-title a .fa-fusion-box:before{ font-size: 13px; width: 13px;}.fusion-accordian  #accordion-55645-1 .panel-title a{font-size:15px;}.fusion-accordian  #accordion-55645-1 .fa-fusion-box { background-color: #333333;border-color: #333333;}.fusion-accordian  #accordion-55645-1 .panel-title a:hover, #accordion-55645-1 .fusion-toggle-boxed-mode:hover .panel-title a { color: #30afe4;}.fusion-accordian  #accordion-55645-1 .panel-title .active .fa-fusion-box,.fusion-accordian  #accordion-55645-1 .panel-title a:hover .fa-fusion-box { background-color: #30afe4!important;border-color: #30afe4!important;}<\/style><div class=\"accordian fusion-accordian\"><div class=\"panel-group\" id=\"accordion-55645-1\"><div class=\"fusion-panel panel-default\"><div class=\"panel-heading\"><h4 class=\"panel-title toggle\"><a aria-expanded=\"false\" aria-controls=\"742bfc46f2b514f44\" role=\"button\" data-toggle=\"collapse\" data-parent=\"#accordion-55645-1\" data-target=\"#742bfc46f2b514f44\" href=\"#742bfc46f2b514f44\"><span class=\"fusion-toggle-icon-wrapper\" aria-hidden=\"true\"><i class=\"fa-fusion-box\" aria-hidden=\"true\"><\/i><\/span><span class=\"fusion-toggle-heading\">Scopri di pi\u00f9<\/span><\/a><\/h4><\/div><div id=\"742bfc46f2b514f44\" class=\"panel-collapse collapse \"><div class=\"panel-body toggle-content fusion-clearfix\">Una vacanza Adventure Club Short per due persone presso feelfree. 3 notti nell\u2019Adventure Camp e Adventure Card da 18 punti, con possibilit\u00e0 di scegliere le attivit\u00e0 da svolgere. La vincita comprende inoltre un outfit VAUDE a scelta, del valore di 500 euro.<\/div><\/div><\/div><\/div><\/div><div class=\"fusion-clearfix\"><\/div><\/div><\/div><div class=\"fusion-layout-column fusion_builder_column fusion-builder-column-2 fusion_builder_column_1_2 1_2 fusion-one-half fusion-column-last\" style=\"width:48%;margin-top:0px;margin-bottom:20px;\"><div class=\"fusion-column-wrapper fusion-flex-column-wrapper-legacy\" style=\"background-position:left top;background-repeat:no-repeat;-webkit-background-size:cover;-moz-background-size:cover;-o-background-size:cover;background-size:cover;padding: 0px 0px 0px 0px;\"><div class=\"fusion-text fusion-text-4\"><h2 class=\"et_pb_toggle_title\">2\u00b0-10\u00b0 premio: trolley VAUDE<\/h2>\n<\/div><span class=\" fusion-imageframe imageframe-none imageframe-2 hover-type-none\"><a class=\"fusion-no-lightbox\" href=\"http:\/\/www.vaude.com\/en-GB\/Products\/Luggage-Bags\/Melbourne-65-autumnal.html\" target=\"_blank\" rel=\"noopener noreferrer\"><img decoding=\"async\" src=\"http:\/\/my.sportler.com\/wp-content\/uploads\/2016\/03\/2-preis_vorschlag_2.jpg\" class=\"img-responsive\"\/><\/a><\/span><div class=\"fusion-sep-clear\"><\/div><div class=\"fusion-separator fusion-full-width-sep\" style=\"margin-left: auto;margin-right: auto;margin-top:10px;margin-bottom:10px;width:100%;\"><\/div><div class=\"fusion-sep-clear\"><\/div><div class=\"fusion-text fusion-text-5\"><p>I vincitori del trolley Vaude sono:<\/p>\n<p>Giulia Schiavon, Luca Pellegrino, Sigurd Ebensperger, Christin Roesch, Marco Attorresi, Katharina Van Der Meij, Marco Lazzarotto, Karin Schwoerer e Giuseppina Daneluzzo.<\/p>\n<\/div><style type=\"text\/css\">.fusion-accordian  #accordion-55645-2 .panel-title a .fa-fusion-box{ color: #ffffff;}.fusion-accordian  #accordion-55645-2 .panel-title a .fa-fusion-box:before{ font-size: 13px; width: 13px;}.fusion-accordian  #accordion-55645-2 .panel-title a{font-size:15px;}.fusion-accordian  #accordion-55645-2 .fa-fusion-box { background-color: #333333;border-color: #333333;}.fusion-accordian  #accordion-55645-2 .panel-title a:hover, #accordion-55645-2 .fusion-toggle-boxed-mode:hover .panel-title a { color: #30afe4;}.fusion-accordian  #accordion-55645-2 .panel-title .active .fa-fusion-box,.fusion-accordian  #accordion-55645-2 .panel-title a:hover .fa-fusion-box { background-color: #30afe4!important;border-color: #30afe4!important;}<\/style><div class=\"accordian fusion-accordian\"><div class=\"panel-group\" id=\"accordion-55645-2\"><div class=\"fusion-panel panel-default\"><div class=\"panel-heading\"><h4 class=\"panel-title toggle\"><a aria-expanded=\"false\" aria-controls=\"d90656772b6366fe8\" role=\"button\" data-toggle=\"collapse\" data-parent=\"#accordion-55645-2\" data-target=\"#d90656772b6366fe8\" href=\"#d90656772b6366fe8\"><span class=\"fusion-toggle-icon-wrapper\" aria-hidden=\"true\"><i class=\"fa-fusion-box\" aria-hidden=\"true\"><\/i><\/span><span class=\"fusion-toggle-heading\">Scopri di pi\u00f9<\/span><\/a><\/h4><\/div><div id=\"d90656772b6366fe8\" class=\"panel-collapse collapse \"><div class=\"panel-body toggle-content fusion-clearfix\">Questo trolley da viaggio non tradisce nessuno! Il compagno di viaggio realizzato in poliestere riciclato \u00e8 stato dotato con degli zip extra grandi che resistono anche alle elevate sollecitazioni. Le quattro rotelle sostituibili e il manico telescopico all\u2019aspetto di alluminio nobile risultano durevoli! Un piccolo scomparto con zip all\u2019interno per l\u2019asciugacapelli oppure il rasoio garantisce una chiara organizzazione.<\/div><\/div><\/div><\/div><\/div><div class=\"fusion-clearfix\"><\/div><\/div><\/div><\/div><\/div><div class=\"fusion-fullwidth fullwidth-box fusion-builder-row-3 nonhundred-percent-fullwidth non-hundred-percent-height-scrolling\" style=\"background-color: #f7f8fa;background-position: left top;background-repeat: no-repeat;padding-top:60px;padding-right:0px;padding-bottom:20px;padding-left:0px;margin-bottom: 0px;margin-top: 0px;border-width: 0px 0px 0px 0px;border-color:#eae9e9;border-style:solid;\" ><div class=\"fusion-builder-row fusion-row\"><div class=\"fusion-layout-column fusion_builder_column fusion-builder-column-3 fusion_builder_column_1_3 1_3 fusion-one-third fusion-column-first\" style=\"width:30.6666%; margin-right: 4%;margin-top:0px;margin-bottom:20px;\"><div class=\"fusion-column-wrapper fusion-flex-column-wrapper-legacy\" style=\"background-position:left top;background-repeat:no-repeat;-webkit-background-size:cover;-moz-background-size:cover;-o-background-size:cover;background-size:cover;padding: 0px 0px 0px 0px;\"><div class=\"fusion-text fusion-text-6\"><h2><strong>Partecipa al VAUDE Re-cycle-Tour!\u00a0<\/strong><\/h2>\n<p>Da met\u00e0 marzo a giugno 2016 VAUDE organizza un Re-cycle-Tour con giornate promozionali in pi\u00f9 di 20 sedi in Italia, Olanda e Germania. Qui verranno richiesti fitness e, al contempo, conoscenze ambientali. Partecipa anche tu e sali in sella a una bici il <strong>2 aprile<\/strong> nel nostro <a href=\"http:\/\/my.sportler.com\/it\/sportler-treviso?campaign=cont\/mysportler\/vauderecycletour\/it\" target=\"_blank\">SPORTLER Flagship Store a Treviso<\/a> e il <strong>14 maggio<\/strong> nello <a href=\"http:\/\/my.sportler.com\/it\/sportler-bolzano?campaign=cont\/mysportler\/vauderecycletour\/it\" target=\"_blank\">SPORTLER Flagship Store a Bolzano<\/a>. Mentre pedalerai a tutta forza, dovrai rispondere a domande interattive sul tema della salvaguardia ambientale e della sostenibilit\u00e0.<\/p>\n<p><strong>Con il tuo aiuto verr\u00e0 ripulito il Mar Baltico:<\/strong><\/p>\n<p>Per ogni partecipante, VAUDE dona 1 euro a WWF\u00ae Deutschland per il recupero di vecchie reti di pescatori dal Mar Baltico.<br \/>\nQui si va al\u00a0<a href=\"https:\/\/www.youtube.com\/watch?v=GbA6ittjGZs&amp;campaign=cont\/mysportler\/vauderecycletour\/it\" target=\"_blank\">WWF filmato<\/a>.\u00a0Maggiori informazioni sul\u00a0\u00a0<a href=\"http:\/\/www.wwf.de\/themen-projekte\/projektregionen\/ostsee\/schluss-mit-geisternetzen-von-der-idee-bis-zur-bergung\/\" target=\"_blank\">progetto delle reti dei pescatori WWF<\/a>.<\/p>\n<p><strong>Vuoi sostenere direttamente il progetto del WWF?\u00a0<\/strong><br \/>\nEffettua qui la tua\u00a0<a href=\"https:\/\/www.wwf.de\/spenden-helfen\/fuer-ein-projekt-spenden\/geisternetze-in-der-ostsee\/\" target=\"_blank\">donazione<\/a>.<\/p>\n<\/div><div class=\"fusion-clearfix\"><\/div><\/div><\/div><div class=\"fusion-layout-column fusion_builder_column fusion-builder-column-4 fusion_builder_column_1_3 1_3 fusion-one-third\" style=\"width:30.6666%; margin-right: 4%;margin-top:0px;margin-bottom:20px;\"><div class=\"fusion-column-wrapper fusion-flex-column-wrapper-legacy\" style=\"background-position:left top;background-repeat:no-repeat;-webkit-background-size:cover;-moz-background-size:cover;-o-background-size:cover;background-size:cover;padding: 0px 0px 0px 0px;\"><div class=\"fusion-text fusion-text-7\"><p><strong>Riciclaggio di vecchie reti di pescatori<\/strong><\/p>\n<p>Per la nuova collezione Primavera\/Estate 2016 <a href=\"http:\/\/www.sportler.com\/it\/m\/vaude\/pageResults-96-page-1.html?campaign=cont\/mysportler\/vauderecycletour\/it\" target=\"_blank\">Vaude<\/a> ha\u00a0reperito una materia prima del tutto particolare\u2026 e precisamente in mare! Tonnellate di reti di pescatori vagano negli oceani, rappresentando un grande pericolo per l\u2019ecologia marina. Al contempo esse sono una pregiata materia prima, che pu\u00f2 essere riciclata senza problemi. Le \u201creti fantasma\u201d vengono raccolte da sommozzatori, successivamente ripulite, trattate e trasformate in nuovo filato di qualit\u00e0. Oltre al riutilizzo dei rifiuti, ci\u00f2 produce l\u2019effetto positivo che si risparmiano greggio pregiato ed energia e si riducono le emissioni di CO2.<\/p>\n<p><strong>Ci\u00f2 secondo il principio della natura per cui non esistono rifiuti ma tutto pu\u00f2 essere riutilizzato!<\/strong><\/p>\n<p>Con il materiale riciclato <a href=\"http:\/\/www.sportler.com\/it\/m\/vaude\/pageResults-96-page-1.html?campaign=cont\/mysportler\/vauderecycletour\/it\" target=\"_blank\">Vaude<\/a> realizzia abbigliamento sportivo funzionale, come p. es. pantaloni da ciclismo o giacche. In molti altri prodotti, come p. es. borse o\u00a0trolley da viaggio\u00a0viene\u00a0utilizzato\u00a0gi\u00e0 da molti anni materiale riciclato, che viene prodotto a partire da bottiglie PET usate.<\/p>\n<\/div><div class=\"fusion-clearfix\"><\/div><\/div><\/div><div class=\"fusion-layout-column fusion_builder_column fusion-builder-column-5 fusion_builder_column_1_3 1_3 fusion-one-third fusion-column-last\" style=\"width:30.6666%;margin-top:0px;margin-bottom:20px;\"><div class=\"fusion-column-wrapper fusion-flex-column-wrapper-legacy\" style=\"background-position:left top;background-repeat:no-repeat;-webkit-background-size:cover;-moz-background-size:cover;-o-background-size:cover;background-size:cover;padding: 0px 0px 0px 0px;\"><span class=\" fusion-imageframe imageframe-none imageframe-3 hover-type-none\"><a href=\"http:\/\/my.sportler.com\/wp-content\/uploads\/2016\/03\/Grafik_Econly_50warmgrey_IT_Jacke-1.jpg\" class=\"fusion-lightbox\" data-rel=\"iLightbox[ddf218b8e780810c903]\"><img decoding=\"async\" src=\"http:\/\/my.sportler.com\/wp-content\/uploads\/2016\/03\/Grafik_Econly_50warmgrey_IT_Jacke-1.jpg\" class=\"img-responsive\"\/><\/a><\/span><div class=\"fusion-sep-clear\"><\/div><div class=\"fusion-separator fusion-full-width-sep\" style=\"margin-left: auto;margin-right: auto;margin-top:20px;width:100%;\"><\/div><div class=\"fusion-sep-clear\"><\/div><span class=\" fusion-imageframe imageframe-none imageframe-4 hover-type-none\"><a class=\"fusion-no-lightbox\" href=\"http:\/\/www.sportler.com\/it\/m\/vaude\/pageResults-96-page-1.html?campaign=cont\/mysportler\/vauderecycletour\/it\" target=\"_blank\" rel=\"noopener noreferrer\"><img decoding=\"async\" src=\"http:\/\/my.sportler.com\/wp-content\/uploads\/2016\/03\/vaude_long_wo_claim.gif\" class=\"img-responsive\"\/><\/a><\/span><div class=\"fusion-clearfix\"><\/div><\/div><\/div><\/div><\/div><div id=\"partecipa\"><div class=\"fusion-fullwidth fullwidth-box fusion-builder-row-4 nonhundred-percent-fullwidth non-hundred-percent-height-scrolling\" style=\"background-color: rgba(255,255,255,0);background-position: left top;background-repeat: no-repeat;padding-top:40px;padding-right:0px;padding-bottom:20px;padding-left:0px;margin-bottom: 0px;margin-top: 0px;border-width: 0px 0px 0px 0px;border-color:#eae9e9;border-style:solid;\" ><div class=\"fusion-builder-row fusion-row\"><div class=\"fusion-layout-column fusion_builder_column fusion-builder-column-6 fusion_builder_column_1_3 1_3 fusion-one-third fusion-column-first\" style=\"width:30.6666%; margin-right: 4%;margin-top:20px;margin-bottom:20px;\"><div class=\"fusion-column-wrapper fusion-flex-column-wrapper-legacy\" style=\"background-position:left top;background-repeat:no-repeat;-webkit-background-size:cover;-moz-background-size:cover;-o-background-size:cover;background-size:cover;padding: 0px 0px 0px 0px;\"><div class=\"fusion-text fusion-text-8\"><p>Attenzione: la privacy \u00e8 per noi di grande importanza. Gli indirizzi e-mail non vengono comunicati a terzi. Se non desideri pi\u00f9 ricevere la newsletter, puoi cancellare l\u2019iscrizione in qualsiasi e-mail. Qui si va alla nostra\u00a0<a href=\"http:\/\/www.sportler.com\/it\/i\/protezione-dati-l-sicurezza?campaign=cont\/mysportler\/vauderecycletour\/it\" target=\"_blank\">direttiva privacy<\/a>.\u00a0Partecipando a questo gioco a premi, accetti le\u00a0<a href=\"http:\/\/my.sportler.com\/wp-content\/uploads\/2016\/03\/20160314_Vaude-RE-CYCLE-TOUR-it.pdf\" target=\"_blank\">condizioni di partecipazione<\/a>.<\/p>\n<\/div><div class=\"fusion-clearfix\"><\/div><\/div><\/div><div class=\"fusion-layout-column fusion_builder_column fusion-builder-column-7 fusion_builder_column_2_3 2_3 fusion-two-third fusion-column-last\" style=\"width:65.3333%;margin-top:0px;margin-bottom:20px;\"><div class=\"fusion-column-wrapper fusion-flex-column-wrapper-legacy\" style=\"background-position:left top;background-repeat:no-repeat;-webkit-background-size:cover;-moz-background-size:cover;-o-background-size:cover;background-size:cover;padding: 0px 0px 0px 0px;\"><div class=\"fusion-text fusion-text-9\">\n<\/div><div class=\"fusion-clearfix\"><\/div><\/div><\/div><\/div><\/div><\/div><div class=\"fusion-fullwidth fullwidth-box fusion-builder-row-5 nonhundred-percent-fullwidth non-hundred-percent-height-scrolling\" style=\"background-color: #f7f8fa;background-position: left top;background-repeat: no-repeat;padding-top:40px;padding-right:0px;padding-bottom:20px;padding-left:0px;margin-bottom: 0px;margin-top: 0px;border-width: 0px 0px 0px 0px;border-color:#eae9e9;border-style:solid;\" ><div class=\"fusion-builder-row fusion-row\"><div class=\"fusion-layout-column fusion_builder_column fusion-builder-column-8 fusion_builder_column_1_3 1_3 fusion-one-third fusion-column-first\" style=\"width:30.6666%; margin-right: 4%;margin-top:0px;margin-bottom:20px;\"><div class=\"fusion-column-wrapper fusion-flex-column-wrapper-legacy\" style=\"background-position:left top;background-repeat:no-repeat;-webkit-background-size:cover;-moz-background-size:cover;-o-background-size:cover;background-size:cover;padding: 0px 0px 0px 0px;\"><span class=\" fusion-imageframe imageframe-none imageframe-5 hover-type-none\" style=\"margin-left:25px;float:right;\"><img decoding=\"async\" src=\"http:\/\/my.sportler.com\/wp-content\/uploads\/2016\/03\/2015_Deutscher-Nachhaltigkeitspreis_Nachhaltigste-Marke_Siegel-1.jpg\" class=\"img-responsive\"\/><\/span><div class=\"fusion-clearfix\"><\/div><\/div><\/div><div class=\"fusion-layout-column fusion_builder_column fusion-builder-column-9 fusion_builder_column_2_3 2_3 fusion-two-third fusion-column-last\" style=\"width:65.3333%;margin-top:0px;margin-bottom:20px;\"><div class=\"fusion-column-wrapper fusion-flex-column-wrapper-legacy\" style=\"background-position:left top;background-repeat:no-repeat;-webkit-background-size:cover;-moz-background-size:cover;-o-background-size:cover;background-size:cover;padding: 0px 0px 0px 0px;\"><div class=\"fusion-text fusion-text-10\"><h3>Vincere in modo ecologico ed equo!<\/h3>\n<p>Alla fine del 2015 <a href=\"http:\/\/www.sportler.com\/it\/m\/vaude\/pageResults-96-page-1.html?campaign=cont\/mysportler\/vauderecycletour\/it\" target=\"_blank\">VAUDE<\/a> \u00e8 stata insignita del titolo di \u201cmarchio pi\u00f9 sostenibile della Germania\u201d e gi\u00e0 da tempo \u00e8 considerata uno dei produttori outdoor pi\u00f9 sostenibili d\u2019Europa. Ci\u00f2 che per\u00f2 ci sta a cuore non \u00e8 solo la posizione e la vittoria, bens\u00ec uno sviluppo continuo costante alla ricerca di nuove soluzioni per prodotti VAUDE ancora pi\u00f9 ecologici.<\/p>\n<\/div><div class=\"fusion-clearfix\"><\/div><\/div><\/div><\/div><\/div><\/p>\n","protected":false},"excerpt":{"rendered":"","protected":false},"author":22,"featured_media":0,"parent":0,"menu_order":0,"comment_status":"closed","ping_status":"closed","template":"100-width.php","meta":{"footnotes":""},"class_list":["post-55645","page","type-page","status-publish","hentry"],"jetpack_sharing_enabled":true,"_links":{"self":[{"href":"https:\/\/my.sportler.com\/it\/wp-json\/wp\/v2\/pages\/55645","targetHints":{"allow":["GET"]}}],"collection":[{"href":"https:\/\/my.sportler.com\/it\/wp-json\/wp\/v2\/pages"}],"about":[{"href":"https:\/\/my.sportler.com\/it\/wp-json\/wp\/v2\/types\/page"}],"author":[{"embeddable":true,"href":"https:\/\/my.sportler.com\/it\/wp-json\/wp\/v2\/users\/22"}],"replies":[{"embeddable":true,"href":"https:\/\/my.sportler.com\/it\/wp-json\/wp\/v2\/comments?post=55645"}],"version-history":[{"count":8,"href":"https:\/\/my.sportler.com\/it\/wp-json\/wp\/v2\/pages\/55645\/revisions"}],"predecessor-version":[{"id":86442,"href":"https:\/\/my.sportler.com\/it\/wp-json\/wp\/v2\/pages\/55645\/revisions\/86442"}],"wp:attachment":[{"href":"https:\/\/my.sportler.com\/it\/wp-json\/wp\/v2\/media?parent=55645"}],"curies":[{"name":"wp","href":"https:\/\/api.w.org\/{rel}","templated":true}]}}