{"id":6843,"date":"2013-06-06T09:35:43","date_gmt":"2013-06-06T08:35:43","guid":{"rendered":"http:\/\/my.sportler.com\/?page_id=6843"},"modified":"2018-05-08T09:58:27","modified_gmt":"2018-05-08T07:58:27","slug":"passione","status":"publish","type":"page","link":"https:\/\/my.sportler.com\/it\/passione\/","title":{"rendered":"Passione, grinta, sfida e gioia illimitata!"},"content":{"rendered":"<p>&nbsp;<\/p>\n<div class=\"fusion-fullwidth fullwidth-box fusion-builder-row-1 hundred-percent-fullwidth non-hundred-percent-height-scrolling\" style=\"background-color: rgba(255,255,255,0);background-position: center center;background-repeat: no-repeat;padding-top:0px;padding-right:0px;padding-bottom:0px;padding-left:0px;margin-bottom: 0px;margin-top: 0px;border-width: 0px 0px 0px 0px;border-color:#eae9e9;border-style:solid;\" ><div class=\"fusion-builder-row fusion-row\"><div class=\"fusion-layout-column fusion_builder_column fusion-builder-column-0 fusion_builder_column_1_1 1_1 fusion-one-full fusion-column-first fusion-column-last fusion-column-no-min-height\" style=\"margin-top:0px;margin-bottom:0px;\"><div class=\"fusion-column-wrapper fusion-flex-column-wrapper-legacy\" style=\"background-position:left top;background-repeat:no-repeat;-webkit-background-size:cover;-moz-background-size:cover;-o-background-size:cover;background-size:cover;padding: 0px 0px 0px 0px;\">[dt_benefits title=&#8221;Perch\u00e9 scegliere Sportler&#8221; ppp=&#8221;6&#8243; orderby=&#8221;date&#8221; order=&#8221;DESC&#8221; column=&#8221;full-width_three&#8221;\/]\n<p>&nbsp;<\/p>\n<p><a class=\"highslide\" onclick=\"return hs.expand(this)\" href=\"http:\/\/my.sportler.com\/wp-content\/uploads\/2013\/06\/gutschein-2.jpg\"><img decoding=\"async\" class=\"alignleft size-full wp-image-7000\" alt=\"gutschein (2)\" src=\"http:\/\/my.sportler.com\/wp-content\/uploads\/2013\/06\/gutschein-2.jpg\" width=\"402\" height=\"201\" srcset=\"https:\/\/my.sportler.com\/wp-content\/uploads\/2013\/06\/gutschein-2-300x150.jpg 300w, https:\/\/my.sportler.com\/wp-content\/uploads\/2013\/06\/gutschein-2-540x272.jpg 540w, https:\/\/my.sportler.com\/wp-content\/uploads\/2013\/06\/gutschein-2.jpg 1000w\" sizes=\"(max-width: 402px) 100vw, 402px\" \/><\/a><\/p>\n<p>&nbsp;<\/p>\n<p><strong>Per tutti i nuovi clienti un&#8217;imperdibile occasione: approfitta del buono da 10,00 \u20ac per il tuo primo acquisto su sportler.it. <\/strong><\/p>\n<p>Buono valido esclusivamente sul sito sportler.it su un acquisto minimo di 50,00\u20ac e fino al 29.06.2013.<\/p>\n<p>&nbsp;<\/p>\n<p>&nbsp;<\/p>\n<p>&nbsp;<\/p>\n<p>&nbsp;<\/p>\n<p><b><b>SPORTLER,\u00a0<b>il tuo negozio specializzato negli sport di montagna, bike, running e fitness,<\/b> \u00e8 leader in Italia per scelta prodotto, qualit\u00e0 e professionalit\u00e0.<br \/>\n<\/b><\/b><\/p>\n<p>&nbsp;<\/p>\n<h2><strong>Ti invitiamo a scoprire i nostri MONDI perch\u00e9 tu possa trovare il TUO!<\/strong><\/h2>\n<p>&nbsp;<\/p>\n<div class=\"half dt_col\">\n<div class=\"three-fourth dt_col\">\n<h2><a class=\"highslide\" onclick=\"return hs.expand(this)\" href=\"http:\/\/my.sportler.com\/wp-content\/uploads\/2013\/06\/SFIDA2.jpg\"><img decoding=\"async\" class=\"alignleft size-full wp-image-6892\" alt=\"SFIDA2\" src=\"http:\/\/my.sportler.com\/wp-content\/uploads\/2013\/06\/SFIDA2.jpg\" width=\"350\" height=\"175\" srcset=\"https:\/\/my.sportler.com\/wp-content\/uploads\/2013\/06\/SFIDA2-300x150.jpg 300w, https:\/\/my.sportler.com\/wp-content\/uploads\/2013\/06\/SFIDA2.jpg 500w\" sizes=\"(max-width: 350px) 100vw, 350px\" \/><\/a><\/h2>\n<\/div>\n<\/div>\n<div class=\"half dt_col\">\n<h2><strong>MONTAGNA:<\/strong><\/h2>\n<p>Vuoi goderti degli splendidi panorami immerso nella natura? Ti offriamo tutto ci\u00f2 che serve per gli sport di montagna, dalle semplici camminate all\u2019arrampicata estrema.<\/p>\n[call_to_action]&gt;&gt;Scopri alcune delle nostre proposte <a href=\"http:\/\/www.sportler.com\/sportlerShop\/catalogo\/offerte\/Alpin?campaign=cont\/mysportler-it\/natkampagne\" target=\"_blank\">Alpin<\/a>.[\/call_to_action]\n<\/div>\n<p>&nbsp;<\/p>\n<div class=\"half dt_col\">\n<div class=\"two-thirds\">\n<div class=\"three-fourth dt_col\">\n<h2><a class=\"highslide\" onclick=\"return hs.expand(this)\" href=\"http:\/\/my.sportler.com\/wp-content\/uploads\/2013\/06\/PASSIONE.jpg\"><img decoding=\"async\" class=\"alignleft size-full wp-image-6880\" alt=\"PASSIONE\" src=\"http:\/\/my.sportler.com\/wp-content\/uploads\/2013\/06\/PASSIONE.jpg\" width=\"351\" height=\"139\" srcset=\"https:\/\/my.sportler.com\/wp-content\/uploads\/2013\/06\/PASSIONE-300x118.jpg 300w, https:\/\/my.sportler.com\/wp-content\/uploads\/2013\/06\/PASSIONE.jpg 500w\" sizes=\"(max-width: 351px) 100vw, 351px\" \/><\/a><\/h2>\n<\/div>\n<\/div>\n<h2><strong>\u00a0<\/strong><\/h2>\n<\/div>\n<div class=\"half dt_col\">\n<h2><strong>BIKE:<\/strong><\/h2>\n<p>Preferisci l\u2019emozione della velocit\u00e0 su due ruote? Non importa che tu prediliga l\u2019asfalto oppure i sentieri scoscesi, che tu scelga la bici come mezzo di trasporto per spostarti in citt\u00e0 o in campagna.<\/p>\n[call_to_action]&gt;&gt;Scopri alcune delle nostre proposte <a href=\"http:\/\/www.sportler.com\/sportlerShop\/catalogo\/offerte\/Bike?campaign=cont\/mysportler-it\/natkampagne\" target=\"_blank\">Bike<\/a>.[\/call_to_action]\n<\/div>\n<p>&nbsp;<\/p>\n<div class=\"half dt_col\">\n<div class=\"two-thirds\">\n<div class=\"three-fourth dt_col\">\n<h2><a class=\"highslide\" onclick=\"return hs.expand(this)\" href=\"http:\/\/my.sportler.com\/wp-content\/uploads\/2013\/06\/GIOIA.jpg\"><img decoding=\"async\" class=\"alignleft size-full wp-image-6882\" alt=\"GIOIA\" src=\"http:\/\/my.sportler.com\/wp-content\/uploads\/2013\/06\/GIOIA.jpg\" width=\"351\" height=\"173\" srcset=\"https:\/\/my.sportler.com\/wp-content\/uploads\/2013\/06\/GIOIA-300x148.jpg 300w, https:\/\/my.sportler.com\/wp-content\/uploads\/2013\/06\/GIOIA.jpg 500w\" sizes=\"(max-width: 351px) 100vw, 351px\" \/><\/a><\/h2>\n<\/div>\n<\/div>\n<\/div>\n<div class=\"half dt_col\">\n<h2>RUNNING:<\/h2>\n<p>ti alleni per correre maratone o perch\u00e9 desideri perdere peso e tenerti in forma? Nel nostro assortimenti mento troverai tutto il necessario per goderti i tuoi momenti di libert\u00e0 praticando la corsa.<\/p>\n[call_to_action]&gt;&gt;Scopri alcune delle nostre proposte <a href=\"http:\/\/www.sportler.com\/sportlerShop\/catalogo\/offerte\/Running?campaign=cont\/mysportler-it\/natkampagne\" target=\"_blank\">Running<\/a>.[\/call_to_action]\n<\/div>\n<p>&nbsp;<\/p>\n<div class=\"half dt_col\">\n<div class=\"three-fourth\">\n<div class=\"two-thirds dt_col\">\n<h2><a class=\"highslide\" onclick=\"return hs.expand(this)\" href=\"http:\/\/my.sportler.com\/wp-content\/uploads\/2013\/06\/GRINTA.jpg\"><img decoding=\"async\" class=\"alignleft size-full wp-image-6889\" alt=\"GRINTA\" src=\"http:\/\/my.sportler.com\/wp-content\/uploads\/2013\/06\/GRINTA.jpg\" width=\"350\" height=\"134\" srcset=\"https:\/\/my.sportler.com\/wp-content\/uploads\/2013\/06\/GRINTA-300x115.jpg 300w, https:\/\/my.sportler.com\/wp-content\/uploads\/2013\/06\/GRINTA.jpg 500w\" sizes=\"(max-width: 350px) 100vw, 350px\" \/><\/a><\/h2>\n<\/div>\n<\/div>\n<\/div>\n<div class=\"half dt_col\">\n<h2>FITNESS:<\/h2>\n<p>ti piace divertirti, magari in compagnia, muoverti e sudare a ritmo di musica? Nel nostro assortimento fitness troverai tutto il necessario per allenarti da casa o in palestra.<\/p>\n[call_to_action]&gt;&gt;Scopri alcune delle nostre proposte <a href=\"http:\/\/www.sportler.com\/sportlerShop\/catalogo\/offerte\/Fitness?campaign=cont\/mysportler-it\/natkampagne\" target=\"_blank\">Fitness<\/a>.[\/call_to_action]\n<\/div>\n<p>&nbsp;<\/p>\n<p>&nbsp;<\/p>\n<p>&nbsp;<\/p>\n[call_to_action blank=&#8221;true&#8221;]<strong>SUPER OFFERTE<\/strong>: 365 giorni all&#8217;anno, 24 ore su 24, strepitose offerte su prodotti di altissima qualita dei marchi pi\u00f9 famosi.<\/p>\n<p><strong>[button_icon icon=&#8221;none&#8221; url=&#8221;http:\/\/www.sportler.com\/sportlerShop\/offerte\/catalogo?campaign=cont\/mysportler-it\/natkampagne&#8221; blank=&#8221;true&#8221; size=&#8221;middle&#8221; colour=&#8221;red&#8221;]SALE%[\/button_icon]\n<\/strong><\/p>\n[\/call_to_action]\n<p>&nbsp;<\/p>\n<p>&nbsp;<\/p>\n<p><strong>E per scoprire l\u2019intero assortimento, visita le categorie prodotto in <a href=\"http:\/\/www.sportler.com\/sportlerShop\/ingresso?campaign=cont\/mysportler-it\/natkampagne\" target=\"_blank\">homepage<\/a>!<\/strong><\/p>\n<p>&nbsp;<\/p>\n<p>&nbsp;<\/p>\n<h3><a class=\"highslide\" onclick=\"return hs.expand(this)\" href=\"http:\/\/my.sportler.com\/estatemontagna?campaign=cont\/mysportler-it\/natkampagne\"><img decoding=\"async\" class=\"wp-image-6968 alignleft\" alt=\"Bollino\" src=\"http:\/\/my.sportler.com\/wp-content\/uploads\/2013\/06\/Bollino.jpg\" width=\"208\" height=\"208\" srcset=\"https:\/\/my.sportler.com\/wp-content\/uploads\/2013\/06\/Bollino-54x53.jpg 54w, https:\/\/my.sportler.com\/wp-content\/uploads\/2013\/06\/Bollino-66x66.jpg 66w, https:\/\/my.sportler.com\/wp-content\/uploads\/2013\/06\/Bollino-300x300.jpg 300w, https:\/\/my.sportler.com\/wp-content\/uploads\/2013\/06\/Bollino.jpg 472w\" sizes=\"(max-width: 208px) 100vw, 208px\" \/><\/a><\/h3>\n<div class=\"one-third dt_col\">\n<p>&nbsp;<\/p>\n<p><strong>Fino al 21 giugno 2013, vinci la tua vacanza estiva! <\/strong><\/p>\n<p><strong><\/strong>Con il concorso a premi <a href=\"http:\/\/my.sportler.com\/estatemontagna?campaign=cont\/mysportler-it\/natkampagne\" target=\"_blank\"><strong>VIVI L\u2019ESTATE IN MONTAGNA<\/strong><\/a> puoi vincere fantastici premi e numerose vacanze in montagna. Participa subito!<\/p>\n<\/div>\n<p>&nbsp;<\/p>\n<p>&nbsp;<\/p>\n<p>&nbsp;<\/p>\n<p>&nbsp;<div class=\"fusion-clearfix\"><\/div><\/div><\/div><\/div><style type=\"text\/css\">.fusion-fullwidth.fusion-builder-row-1 { overflow:visible; }<\/style><\/div>\n","protected":false},"excerpt":{"rendered":"<p>&nbsp;<\/p>\n","protected":false},"author":14,"featured_media":0,"parent":0,"menu_order":0,"comment_status":"open","ping_status":"open","template":"dt-page-fullwidth.php","meta":{"footnotes":""},"class_list":["post-6843","page","type-page","status-publish","hentry"],"jetpack_sharing_enabled":true,"_links":{"self":[{"href":"https:\/\/my.sportler.com\/it\/wp-json\/wp\/v2\/pages\/6843","targetHints":{"allow":["GET"]}}],"collection":[{"href":"https:\/\/my.sportler.com\/it\/wp-json\/wp\/v2\/pages"}],"about":[{"href":"https:\/\/my.sportler.com\/it\/wp-json\/wp\/v2\/types\/page"}],"author":[{"embeddable":true,"href":"https:\/\/my.sportler.com\/it\/wp-json\/wp\/v2\/users\/14"}],"replies":[{"embeddable":true,"href":"https:\/\/my.sportler.com\/it\/wp-json\/wp\/v2\/comments?post=6843"}],"version-history":[{"count":0,"href":"https:\/\/my.sportler.com\/it\/wp-json\/wp\/v2\/pages\/6843\/revisions"}],"wp:attachment":[{"href":"https:\/\/my.sportler.com\/it\/wp-json\/wp\/v2\/media?parent=6843"}],"curies":[{"name":"wp","href":"https:\/\/api.w.org\/{rel}","templated":true}]}}