{"id":79737,"date":"2017-09-27T11:02:08","date_gmt":"2017-09-27T09:02:08","guid":{"rendered":"http:\/\/my.sportler.com\/gluecksklee-mammut-2017\/"},"modified":"2018-05-08T09:44:53","modified_gmt":"2018-05-08T07:44:53","slug":"cerca-la-fortuna-mammut-2017","status":"publish","type":"page","link":"https:\/\/my.sportler.com\/it\/cerca-la-fortuna-mammut-2017\/","title":{"rendered":"Cerca la Fortuna Mammut"},"content":{"rendered":"<p><div class=\"fusion-fullwidth fullwidth-box fusion-builder-row-1 hundred-percent-fullwidth non-hundred-percent-height-scrolling\" style=\"background-color: rgba(255,255,255,0);background-position: center center;background-repeat: no-repeat;padding-top:0px;padding-right:20px;padding-bottom:0px;padding-left:20px;margin-bottom: 0px;margin-top: 0px;border-width: 0px 0px 0px 0px;border-color:#eae9e9;border-style:solid;\" ><div class=\"fusion-builder-row fusion-row\"><div class=\"fusion-layout-column fusion_builder_column fusion-builder-column-0 fusion_builder_column_1_1 1_1 fusion-one-full fusion-column-first fusion-column-last fusion-column-no-min-height\" style=\"margin-top:0px;margin-bottom:0px;\"><div class=\"fusion-column-wrapper fusion-flex-column-wrapper-legacy\" style=\"background-position:left top;background-repeat:no-repeat;-webkit-background-size:cover;-moz-background-size:cover;-o-background-size:cover;background-size:cover;padding: 0px 0px 0px 0px;\"><div class=\"fusion-alert alert general alert-info fusion-alert-center fusion-alert-capitalize alert-dismissable alert-shadow\" style=\"background-color:#ffffff;color:rgba(128,128,128,1);border-color:rgba(128,128,128,1);border-width:1px;\"><button type=\"button\" class=\"close toggle-alert\" data-dismiss=\"alert\" aria-hidden=\"true\">&times;<\/button><div class=\"fusion-alert-content-wrapper\"><span class=\"alert-icon\"><i class=\"fa-lg fa fa-info-circle\" aria-hidden=\"true\"><\/i><\/span><span class=\"fusion-alert-content\"><a href=\"http:\/\/my.sportler.com\/it\/cerca-la-fortuna-millet-2017\/\">Cerca la Fortuna di settembre &#8220;Millet&#8221;<\/a>: la fortunata vincitrice \u00e8 Martina Pomper!<\/span><\/div><\/div><div class=\"fusion-text fusion-text-1\"><\/div><div class=\"fusion-clearfix\"><\/div><\/div><\/div><\/div><style type=\"text\/css\">.fusion-fullwidth.fusion-builder-row-1 { overflow:visible; }<\/style><\/div><div class=\"fusion-fullwidth fullwidth-box fusion-builder-row-2 faded-background fusion-parallax-none nonhundred-percent-fullwidth non-hundred-percent-height-scrolling fusion-equal-height-columns\" style=\"background-position: center top;background-repeat: repeat-x;padding-top:190px;padding-right:0px;padding-bottom:10px;padding-left:0px;margin-bottom: 0px;margin-top: 0px;border-width: 0px 0px 0px 0px;border-color:#eae9e9;border-style:solid;\" ><div class=\"fullwidth-faded\" style=\"background-color:#f7f8fa;background-image: url(http:\/\/my.sportler.com\/wp-content\/uploads\/2016\/05\/1922x350_GLUECKSKLEE01_wiese.jpg);background-position:center top;background-repeat:repeat-x;\" ><\/div><div class=\"fusion-builder-row fusion-row\"><div class=\"fusion-layout-column fusion_builder_column fusion-builder-column-1 fusion_builder_column_1_3 1_3 fusion-one-third fusion-column-first\" style=\"width:30.6666%; margin-right: 4%;margin-top:40px;margin-bottom:0px;\"><div class=\"fusion-column-wrapper fusion-flex-column-wrapper-legacy\" style=\"background-position:left top;background-repeat:no-repeat;-webkit-background-size:cover;-moz-background-size:cover;-o-background-size:cover;background-size:cover;background-color:#ffffff;border:0px solid #dddddd;padding: 0px 0px 0px 0px;\"><div class=\"fusion-sep-clear\"><\/div><div class=\"fusion-separator fusion-full-width-sep\" style=\"margin-left: auto;margin-right: auto;margin-top:20px;margin-bottom:10px;width:100%;\"><\/div><div class=\"fusion-sep-clear\"><\/div><div class=\"fusion-fa-align-center\"><i class=\"fb-icon-element-1 fb-icon-element fontawesome-icon fa fa-calendar circle-no\" style=\"font-size:40px;\"><\/i><\/div><style>i.fb-icon-element.fontawesome-icon.fb-icon-element-1{ color: #18b1e7;}i.fb-icon-element.fontawesome-icon.fb-icon-element-1:hover { color: #18b1e7;}<\/style><div class=\"fusion-text fusion-text-2\"><h2 style=\"text-align: center;\">PERIODO CONCORSO<\/h2>\n<\/div><div class=\"fusion-sep-clear\"><\/div><div class=\"fusion-separator\" style=\"margin-left: auto;margin-right: auto;margin-bottom:20px;width:100%;max-width:50%;\"><div class=\"fusion-separator-border sep-single sep-solid\" style=\"border-color:#dddddd;border-top-width:1px;\"><\/div><\/div><div class=\"fusion-sep-clear\"><\/div><div class=\"fusion-text fusion-text-3\"><p style=\"text-align: center;\">1 &#8211; 31\/10\/2017<\/p>\n<\/div><div class=\"fusion-sep-clear\"><\/div><div class=\"fusion-separator fusion-full-width-sep\" style=\"margin-left: auto;margin-right: auto;width:100%;\"><\/div><div class=\"fusion-sep-clear\"><\/div><div class=\"fusion-clearfix\"><\/div><\/div><\/div><div class=\"fusion-layout-column fusion_builder_column fusion-builder-column-2 fusion_builder_column_1_3 1_3 fusion-one-third\" style=\"width:30.6666%; margin-right: 4%;margin-top:40px;margin-bottom:0px;\"><div class=\"fusion-column-wrapper fusion-flex-column-wrapper-legacy\" style=\"background-position:left top;background-repeat:no-repeat;-webkit-background-size:cover;-moz-background-size:cover;-o-background-size:cover;background-size:cover;background-color:#ffffff;border:0px solid #dddddd;padding: 0px 0px 0px 0px;\"><div class=\"fusion-sep-clear\"><\/div><div class=\"fusion-separator fusion-full-width-sep\" style=\"margin-left: auto;margin-right: auto;margin-top:20px;margin-bottom:10px;width:100%;\"><\/div><div class=\"fusion-sep-clear\"><\/div><div class=\"fusion-fa-align-center\"><i class=\"fb-icon-element-2 fb-icon-element fontawesome-icon fa fa-hand-o-down circle-no\" style=\"font-size:40px;\"><\/i><\/div><style>i.fb-icon-element.fontawesome-icon.fb-icon-element-2{ color: #18b1e7;}i.fb-icon-element.fontawesome-icon.fb-icon-element-2:hover { color: #18b1e7;}<\/style><div class=\"fusion-text fusion-text-4\"><h2 style=\"text-align: center;\">SPONSOR<\/h2>\n<\/div><div class=\"fusion-sep-clear\"><\/div><div class=\"fusion-separator\" style=\"margin-left: auto;margin-right: auto;margin-bottom:20px;width:100%;max-width:50%;\"><div class=\"fusion-separator-border sep-single sep-solid\" style=\"border-color:#dddddd;border-top-width:1px;\"><\/div><\/div><div class=\"fusion-sep-clear\"><\/div><div class=\"imageframe-align-center\"><span class=\" fusion-imageframe imageframe-none imageframe-1 hover-type-none\"><img decoding=\"async\" src=\"http:\/\/my.sportler.com\/wp-content\/uploads\/2016\/10\/mammut-sw.jpg\" class=\"img-responsive\"\/><\/span><\/div><div class=\"fusion-sep-clear\"><\/div><div class=\"fusion-separator fusion-full-width-sep\" style=\"margin-left: auto;margin-right: auto;margin-top:30px;width:100%;\"><\/div><div class=\"fusion-sep-clear\"><\/div><div class=\"fusion-clearfix\"><\/div><\/div><\/div><div class=\"fusion-layout-column fusion_builder_column fusion-builder-column-3 fusion_builder_column_1_3 1_3 fusion-one-third fusion-column-last\" style=\"width:30.6666%;margin-top:40px;margin-bottom:30px;\"><div class=\"fusion-column-wrapper fusion-flex-column-wrapper-legacy\" style=\"background-position:left top;background-repeat:no-repeat;-webkit-background-size:cover;-moz-background-size:cover;-o-background-size:cover;background-size:cover;background-color:#ffffff;border:0px solid #dddddd;padding: 0px 0px 0px 0px;\"><div class=\"fusion-sep-clear\"><\/div><div class=\"fusion-separator fusion-full-width-sep\" style=\"margin-left: auto;margin-right: auto;margin-top:20px;margin-bottom:10px;width:100%;\"><\/div><div class=\"fusion-sep-clear\"><\/div><div class=\"fusion-fa-align-center\"><i class=\"fb-icon-element-3 fb-icon-element fontawesome-icon fa fa-trophy circle-no\" style=\"font-size:40px;\"><\/i><\/div><style>i.fb-icon-element.fontawesome-icon.fb-icon-element-3{ color: #18b1e7;}i.fb-icon-element.fontawesome-icon.fb-icon-element-3:hover { color: #18b1e7;}<\/style><div class=\"fusion-text fusion-text-5\"><h2 style=\"text-align: center;\">PREMIO<\/h2>\n<\/div><div class=\"fusion-sep-clear\"><\/div><div class=\"fusion-separator\" style=\"margin-left: auto;margin-right: auto;margin-bottom:20px;width:100%;max-width:50%;\"><div class=\"fusion-separator-border sep-single sep-solid\" style=\"border-color:#dddddd;border-top-width:1px;\"><\/div><\/div><div class=\"fusion-sep-clear\"><\/div><div class=\"fusion-text fusion-text-6\"><p style=\"text-align: center;\">Il vincitore del<br \/>\nMammut Barryvox Package Light Set<br \/>\n\u00e8 Peter Frohlich.<br \/>\nCongratulazioni!<\/p>\n<\/div><div class=\"fusion-sep-clear\"><\/div><div class=\"fusion-separator fusion-full-width-sep\" style=\"margin-left: auto;margin-right: auto;width:100%;\"><\/div><div class=\"fusion-sep-clear\"><\/div><div class=\"fusion-clearfix\"><\/div><\/div><\/div><\/div><\/div><div class=\"fusion-fullwidth fullwidth-box fusion-builder-row-3 nonhundred-percent-fullwidth non-hundred-percent-height-scrolling fusion-equal-height-columns\" style=\"background-color: rgba(255,255,255,0);background-position: left top;background-repeat: no-repeat;padding-top:50px;padding-right:0px;padding-bottom:20px;padding-left:0px;margin-bottom: 0px;margin-top: 0px;border-width: 0px 0px 0px 0px;border-color:#eae9e9;border-style:solid;\" ><div class=\"fusion-builder-row fusion-row\"><div class=\"fusion-layout-column fusion_builder_column fusion-builder-column-4 fusion_builder_column_1_1 1_1 fusion-one-full fusion-column-first fusion-column-last fusion-column-no-min-height\" style=\"margin-top:0px;margin-bottom:0px;\"><div class=\"fusion-column-wrapper fusion-flex-column-wrapper-legacy\" style=\"background-position:left top;background-repeat:no-repeat;-webkit-background-size:cover;-moz-background-size:cover;-o-background-size:cover;background-size:cover;padding: 0px 0px 0px 0px;\"><style type=\"text\/css\"><\/style><div class=\"fusion-title title fusion-title-1 fusion-sep-none fusion-title-center fusion-title-text fusion-title-size-one\" style=\"margin-top:0px;margin-right:0px;margin-bottom:31px;margin-left:0px;\"><h1 class=\"title-heading-center fusion-responsive-typography-calculated\" style=\"margin:0;--fontSize:26;line-height:1.77;\"><h1 style=\"text-align: center;\">La nuova generazione Barryvox: pi\u00f9 potente, pi\u00f9 facile da usare e pi\u00f9 veloce!<\/h1><\/h1><\/div><div class=\"fusion-sep-clear\"><\/div><div class=\"fusion-separator\" style=\"margin-left: auto;margin-right: auto;margin-top:5px;margin-bottom:40px;width:100%;max-width:20%;\"><div class=\"fusion-separator-border sep-single sep-solid\" style=\"border-color:#d6d6d6;border-top-width:1px;\"><\/div><\/div><div class=\"fusion-sep-clear\"><\/div><div class=\"fusion-clearfix\"><\/div><\/div><\/div><div class=\"fusion-layout-column fusion_builder_column fusion-builder-column-5 fusion_builder_column_1_2 1_2 fusion-one-half fusion-column-first\" style=\"margin-top:0px;margin-bottom:20px;\" id=\"nobottom\"><div class=\"fusion-column-wrapper fusion-flex-column-wrapper-legacy\" style=\"background-position:left top;background-repeat:no-repeat;-webkit-background-size:cover;-moz-background-size:cover;-o-background-size:cover;background-size:cover;padding: 0px 0px 0px 0px;\"><div class=\"imageframe-align-center\"><span class=\" fusion-imageframe imageframe-none imageframe-2 hover-type-none\"><img decoding=\"async\" alt=\"Mammut LVS Set\" src=\"http:\/\/my.sportler.com\/wp-content\/uploads\/2017\/09\/LP_Mammut_barryvox.jpg\" class=\"img-responsive\"\/><\/span><\/div><div class=\"fusion-clearfix\"><\/div><\/div><\/div><div class=\"fusion-layout-column fusion_builder_column fusion-builder-column-6 fusion_builder_column_1_2 1_2 fusion-one-half fusion-column-last\" style=\"margin-top:0px;margin-bottom:20px;\"><div class=\"fusion-column-wrapper fusion-flex-column-wrapper-legacy\" style=\"background-position:left top;background-repeat:no-repeat;-webkit-background-size:cover;-moz-background-size:cover;-o-background-size:cover;background-size:cover;background-color:#f7f8fa;border:0px solid #e7ebee;padding: 30px;\"><div class=\"fusion-text fusion-text-7\"><p>Inverno, neve, sole e una bella gita di scialpinismo, di freeride o con le racchette da neve: il divertimento \u00e8 assicurato. Ma non dobbiamo mai dimenticarci dell\u2019aspetto della sicurezza. Con Mammut e il Barryvox Package Light Set sei perfettamente attrezzato. Questo set, costituito da un artva a tre antenne, una sonda e una pala da valanga, potrebbe presto essere tuo.<\/p>\n<p>Mammut ha lanciato una nuova generazione <a href=\"https:\/\/www.sportler.com\/it\/p\/mammut-barryvox-s-dispositivo-artva-10524248?campaign=cont\/mysportler\/gluecksklee-mammut\/it\">Barryvox<\/a>: pi\u00f9 potente, pi\u00f9 facile da usare e pi\u00f9 veloce! La fascia di ricerca aumenta a 70 m (lunghezza e larghezza), la superficie di utilizzo \u00e8 stata completamente rielaborata, la funzione di ricerca \u00e8 pi\u00f9 veloce e di pi\u00f9 semplice esecuzione. Inoltre: design ergonomico, a prova di colpi e utilizzabile anche con i guanti, mostra la distanza, la direzione e il numero di sepolti da valanga, guida di utilizzo acustica, segnalazione e marcatura di pi\u00f9 sepolti, commutazione automatica alla modalit\u00e0 di trasmissione dopo 4 minuti in assenza di movimento, pratico sistema di trasporto, 100% made in Svizzera.<\/p>\n<p>La <a href=\"https:\/\/www.sportler.com\/it\/p\/mammut-alugator-light-pala-da-neve-10382455?campaign=cont\/mysportler\/gluecksklee-mammut\/it\">pala da valanga Alugator Light<\/a> di Mammut \u00e8 leggera e compatta. La sua benna in alluminio temprato e anodizzato \u00e8 estremamente stabile.<\/p>\n<p>Anche la <a href=\"https:\/\/www.sportler.com\/it\/p\/mammut-probe-light-sonde-9777391?campaign=cont\/mysportler\/gluecksklee-mammut\/it\">sonda Probe 240 Short<\/a> di Mammut \u00e8 leggera e stabile. Dettagli tecnici: segmenti telescopici in alluminio resistente, utilizzabile con i guanti, scala di misurazione, cavo molto resistente alla trazione, punta con forma a goccia per maggiore sensibilit\u00e0 e penetrazione facilitata nella neve.<\/p>\n<\/div><div class=\"fusion-clearfix\"><\/div><\/div><\/div><\/div><\/div><div class=\"fusion-fullwidth fullwidth-box fusion-builder-row-4 nonhundred-percent-fullwidth non-hundred-percent-height-scrolling fusion-equal-height-columns\" style=\"background-color: #f7f8fa;background-position: left top;background-repeat: no-repeat;padding-top:45px;padding-right:0px;padding-bottom:10px;padding-left:0px;margin-bottom: 0px;margin-top: 0px;border-width: 0px 0px 0px 0px;border-color:#eae9e9;border-style:solid;\" ><div class=\"fusion-builder-row fusion-row\"><div class=\"fusion-layout-column fusion_builder_column fusion-builder-column-7 fusion_builder_column_1_1 1_1 fusion-one-full fusion-column-first fusion-column-last fusion-column-no-min-height\" style=\"margin-top:0px;margin-bottom:0px;\"><div class=\"fusion-column-wrapper fusion-flex-column-wrapper-legacy\" style=\"background-position:left top;background-repeat:no-repeat;-webkit-background-size:cover;-moz-background-size:cover;-o-background-size:cover;background-size:cover;padding: 0px 0px 0px 0px;\"><div class=\"fusion-text fusion-text-8\"><p style=\"text-align: center;\">Rispondi correttamente alla domanda sottostante e parteciperai all\u2019estrazione di questo fantastico premio.<\/p>\n<\/div><div class=\"fusion-sep-clear\"><\/div><div class=\"fusion-separator fusion-full-width-sep\" style=\"margin-left: auto;margin-right: auto;margin-top:10px;margin-bottom:10px;width:100%;\"><\/div><div class=\"fusion-sep-clear\"><\/div><div class=\"fusion-clearfix\"><\/div><\/div><\/div><div class=\"fusion-layout-column fusion_builder_column fusion-builder-column-8 fusion_builder_column_1_2 1_2 fusion-one-half fusion-column-first\" style=\"width:48%; margin-right: 4%;margin-top:0px;margin-bottom:20px;\"><div class=\"fusion-column-wrapper fusion-flex-column-wrapper-legacy\" style=\"background-position:left top;background-repeat:no-repeat;-webkit-background-size:cover;-moz-background-size:cover;-o-background-size:cover;background-size:cover;padding: 0px 0px 0px 0px;\"><div class=\"fusion-video fusion-youtube\" style=\"max-width:600px;max-height:350px;\"><div class=\"video-shortcode\"><iframe title=\"YouTube video player 1\" src=\"https:\/\/www.youtube.com\/embed\/UaTMQE43V_s?wmode=transparent&autoplay=0\" width=\"600\" height=\"350\" allowfullscreen allow=\"autoplay; fullscreen\"><\/iframe><\/div><\/div><div class=\"fusion-clearfix\"><\/div><\/div><\/div><div class=\"fusion-layout-column fusion_builder_column fusion-builder-column-9 fusion_builder_column_1_2 1_2 fusion-one-half fusion-column-last\" style=\"width:48%;margin-top:0px;margin-bottom:20px;\"><div class=\"fusion-column-wrapper fusion-flex-column-wrapper-legacy\" style=\"background-position:left top;background-repeat:no-repeat;-webkit-background-size:cover;-moz-background-size:cover;-o-background-size:cover;background-size:cover;padding: 0px 0px 0px 0px;\"><div class=\"fusion-column-content-centered\"><div class=\"fusion-column-content\"><div class=\"fusion-image-carousel fusion-image-carousel-auto\"><div class=\"fusion-carousel\" data-autoplay=\"no\" data-columns=\"5\" data-itemmargin=\"13\" data-itemwidth=\"180\" data-touchscroll=\"no\" data-imagesize=\"auto\"><div class=\"fusion-carousel-positioner\"><ul class=\"fusion-carousel-holder\"><li class=\"fusion-carousel-item\"><div class=\"fusion-carousel-item-wrapper\"><div class=\"fusion-image-wrapper hover-type-none\"><a href=\"https:\/\/www.sportler.com\/it\/p\/mammut-barryvox-s-dispositivo-artva-10524248?campaign=cont\/mysportler\/gluecksklee-mammut\/it\" target=\"_blank\" rel=\"noopener noreferrer\"><img decoding=\"async\" src=\"http:\/\/my.sportler.com\/wp-content\/uploads\/2017\/09\/Mammut-Barryvox.jpg\" alt=\"Mammut Barryvox\"\/><\/a><\/div><\/div><\/li><li class=\"fusion-carousel-item\"><div class=\"fusion-carousel-item-wrapper\"><div class=\"fusion-image-wrapper hover-type-none\"><a href=\"https:\/\/www.sportler.com\/it\/p\/mammut-alugator-light-pala-da-neve-10382455?campaign=cont\/mysportler\/gluecksklee-mammut\/it\" target=\"_blank\" rel=\"noopener noreferrer\"><img decoding=\"async\" src=\"http:\/\/my.sportler.com\/wp-content\/uploads\/2017\/09\/Mammut-Schaufel.jpg\" alt=\"Mammut Allugator Light Lawinenschaufel\"\/><\/a><\/div><\/div><\/li><li class=\"fusion-carousel-item\"><div class=\"fusion-carousel-item-wrapper\"><div class=\"fusion-image-wrapper hover-type-none\"><a href=\"https:\/\/www.sportler.com\/it\/p\/mammut-probe-light-sonde-9777391?campaign=cont\/mysportler\/gluecksklee-mammut\/it\" target=\"_blank\" rel=\"noopener noreferrer\"><img decoding=\"async\" src=\"http:\/\/my.sportler.com\/wp-content\/uploads\/2017\/09\/Mammut-Sonde.jpg\" alt=\"Mammut Lawinensonde\"\/><\/a><\/div><\/div><\/li><\/ul><\/div><\/div><\/div><\/div><\/div><div class=\"fusion-clearfix\"><\/div><\/div><\/div><\/div><\/div><div class=\"fusion-fullwidth fullwidth-box fusion-builder-row-5 nonhundred-percent-fullwidth non-hundred-percent-height-scrolling\" style=\"background-color: rgba(255,255,255,0);background-position: left top;background-repeat: no-repeat;padding-top:0px;padding-right:0px;padding-bottom:20px;padding-left:0px;margin-bottom: 0px;margin-top: 0px;border-width: 0px 0px 0px 0px;border-color:#eae9e9;border-style:solid;\" ><div class=\"fusion-builder-row fusion-row\"><div class=\"fusion-layout-column fusion_builder_column fusion-builder-column-10 fusion_builder_column_1_1 1_1 fusion-one-full fusion-column-first fusion-column-last fusion-column-no-min-height\" style=\"margin-top:0px;margin-bottom:0px;\"><div class=\"fusion-column-wrapper fusion-flex-column-wrapper-legacy\" style=\"background-position:left top;background-repeat:no-repeat;-webkit-background-size:cover;-moz-background-size:cover;-o-background-size:cover;background-size:cover;padding: 0px 0px 0px 0px;\"><div class=\"fusion-text fusion-text-9\">\n<\/div><div class=\"fusion-clearfix\"><\/div><\/div><\/div><\/div><\/div><\/p>\n","protected":false},"excerpt":{"rendered":"","protected":false},"author":14,"featured_media":0,"parent":0,"menu_order":0,"comment_status":"closed","ping_status":"closed","template":"100-width.php","meta":{"footnotes":""},"class_list":["post-79737","page","type-page","status-publish","hentry"],"jetpack_sharing_enabled":true,"_links":{"self":[{"href":"https:\/\/my.sportler.com\/it\/wp-json\/wp\/v2\/pages\/79737","targetHints":{"allow":["GET"]}}],"collection":[{"href":"https:\/\/my.sportler.com\/it\/wp-json\/wp\/v2\/pages"}],"about":[{"href":"https:\/\/my.sportler.com\/it\/wp-json\/wp\/v2\/types\/page"}],"author":[{"embeddable":true,"href":"https:\/\/my.sportler.com\/it\/wp-json\/wp\/v2\/users\/14"}],"replies":[{"embeddable":true,"href":"https:\/\/my.sportler.com\/it\/wp-json\/wp\/v2\/comments?post=79737"}],"version-history":[{"count":8,"href":"https:\/\/my.sportler.com\/it\/wp-json\/wp\/v2\/pages\/79737\/revisions"}],"predecessor-version":[{"id":86201,"href":"https:\/\/my.sportler.com\/it\/wp-json\/wp\/v2\/pages\/79737\/revisions\/86201"}],"wp:attachment":[{"href":"https:\/\/my.sportler.com\/it\/wp-json\/wp\/v2\/media?parent=79737"}],"curies":[{"name":"wp","href":"https:\/\/api.w.org\/{rel}","templated":true}]}}