{"id":96416,"date":"2019-04-09T14:17:57","date_gmt":"2019-04-09T12:17:57","guid":{"rendered":"https:\/\/my.sportler.com\/?page_id=96416"},"modified":"2019-04-09T14:18:36","modified_gmt":"2019-04-09T12:18:36","slug":"riapertura-sportler-merano","status":"publish","type":"page","link":"https:\/\/my.sportler.com\/it\/riapertura-sportler-merano\/","title":{"rendered":"Riapertura SPORTLER Merano"},"content":{"rendered":"<p><div class=\"fusion-fullwidth fullwidth-box fusion-builder-row-1 faded-background fusion-parallax-none nonhundred-percent-fullwidth non-hundred-percent-height-scrolling fusion-equal-height-columns\" style=\"background-position: center top;background-repeat: repeat-x;padding-top:190px;padding-right:0px;padding-bottom:40px;padding-left:0px;margin-bottom: 0px;margin-top: 0px;border-width: 0px 0px 0px 0px;border-color:#eae9e9;border-style:solid;\" ><div class=\"fullwidth-faded\" style=\"background-color:#f7f8fa;background-image: url(https:\/\/my.sportler.com\/wp-content\/uploads\/2019\/04\/header-eroeffnung-meran.jpg);background-position:center top;background-repeat:repeat-x;\" ><\/div><div class=\"fusion-builder-row fusion-row\"><div class=\"fusion-layout-column fusion_builder_column fusion-builder-column-0 fusion_builder_column_1_3 1_3 fusion-one-third fusion-column-first\" style=\"width:30.6666%; margin-right: 4%;margin-top:0px;margin-bottom:0px;\"><div class=\"fusion-column-wrapper fusion-flex-column-wrapper-legacy\" style=\"background-position:left top;background-repeat:no-repeat;-webkit-background-size:cover;-moz-background-size:cover;-o-background-size:cover;background-size:cover;background-color:#ffffff;border:0px solid #dddddd;padding: 0px 0px 0px 0px;\"><div class=\"fusion-sep-clear\"><\/div><div class=\"fusion-separator fusion-full-width-sep\" style=\"margin-left: auto;margin-right: auto;margin-top:20px;margin-bottom:10px;width:100%;\"><\/div><div class=\"fusion-sep-clear\"><\/div><div class=\"fusion-fa-align-center\"><i class=\"fb-icon-element-1 fb-icon-element fontawesome-icon fa-calendar-alt fas circle-no\" style=\"font-size:40px;\"><\/i><\/div><style>i.fb-icon-element.fontawesome-icon.fb-icon-element-1{ color: #1a508e;}i.fb-icon-element.fontawesome-icon.fb-icon-element-1:hover { color: #1a508e;}<\/style><div class=\"fusion-text fusion-text-1\"><h2 style=\"text-align: center;\">Riapertura<\/h2>\n<\/div><div class=\"fusion-sep-clear\"><\/div><div class=\"fusion-separator\" style=\"margin-left: auto;margin-right: auto;margin-bottom:20px;width:100%;max-width:50%;\"><div class=\"fusion-separator-border sep-single sep-solid\" style=\"border-color:#919191;border-top-width:1px;\"><\/div><\/div><div class=\"fusion-sep-clear\"><\/div><div class=\"fusion-text fusion-text-2\"><p style=\"text-align: center;\">24.05.2019<br \/>\nore 19<\/p>\n<\/div><div class=\"fusion-clearfix\"><\/div><\/div><\/div><div class=\"fusion-layout-column fusion_builder_column fusion-builder-column-1 fusion_builder_column_1_3 1_3 fusion-one-third\" style=\"width:30.6666%; margin-right: 4%;margin-top:0px;margin-bottom:0px;\"><div class=\"fusion-column-wrapper fusion-flex-column-wrapper-legacy\" style=\"background-position:left top;background-repeat:no-repeat;-webkit-background-size:cover;-moz-background-size:cover;-o-background-size:cover;background-size:cover;background-color:#ffffff;border:0px solid #dddddd;padding: 0px 0px 0px 0px;\"><div class=\"fusion-sep-clear\"><\/div><div class=\"fusion-separator fusion-full-width-sep\" style=\"margin-left: auto;margin-right: auto;margin-top:20px;margin-bottom:10px;width:100%;\"><\/div><div class=\"fusion-sep-clear\"><\/div><div class=\"fusion-fa-align-center\"><i class=\"fb-icon-element-2 fb-icon-element fontawesome-icon fa-map-marker-alt fas circle-no\" style=\"font-size:40px;\"><\/i><\/div><style>i.fb-icon-element.fontawesome-icon.fb-icon-element-2{ color: #1a508e;}i.fb-icon-element.fontawesome-icon.fb-icon-element-2:hover { color: #1a508e;}<\/style><div class=\"fusion-text fusion-text-3\"><h2 style=\"text-align: center;\">SPORTLER STORE MERANO<\/h2>\n<\/div><div class=\"fusion-sep-clear\"><\/div><div class=\"fusion-separator\" style=\"margin-left: auto;margin-right: auto;margin-bottom:20px;width:100%;max-width:50%;\"><div class=\"fusion-separator-border sep-single sep-solid\" style=\"border-color:#919191;border-top-width:1px;\"><\/div><\/div><div class=\"fusion-sep-clear\"><\/div><div class=\"fusion-text fusion-text-4\"><p style=\"text-align: center;\">Portici 270<br \/>\n39012 Merano<\/p>\n<\/div><div class=\"fusion-aligncenter\"><style type=\"text\/css\">.fusion-button.button-1 .fusion-button-text, .fusion-button.button-1 i {color:#000000;}.fusion-button.button-1 .fusion-button-icon-divider{border-color:#000000;}.fusion-button.button-1:hover .fusion-button-text, .fusion-button.button-1:hover i,.fusion-button.button-1:focus .fusion-button-text, .fusion-button.button-1:focus i,.fusion-button.button-1:active .fusion-button-text, .fusion-button.button-1:active{color:#000000;}.fusion-button.button-1:hover .fusion-button-icon-divider, .fusion-button.button-1:hover .fusion-button-icon-divider, .fusion-button.button-1:active .fusion-button-icon-divider{border-color:#000000;}.fusion-button.button-1:hover, .fusion-button.button-1:focus, .fusion-button.button-1:active{border-color:#000000;border-width:0px;}.fusion-button.button-1 {border-color:#000000;border-width:0px;border-radius:0px;}.fusion-button.button-1{background: #ffffff;}.fusion-button.button-1:hover,.button-1:focus,.fusion-button.button-1:active{background: #f7f8fa;}<\/style><a class=\"fusion-button button-flat button-small button-custom button-1 fusion-button-default-span \" target=\"_self\" href=\"#\" data-toggle=\"modal\" data-target=\".fusion-modal.googlemaps\"><span class=\"fusion-button-text\">GOOGLE MAPS<\/span><\/a><\/div><div class=\"fusion-modal modal fade modal-1 googlemaps\" tabindex=\"-1\" role=\"dialog\" aria-labelledby=\"modal-heading-1\" aria-hidden=\"true\"><style type=\"text\/css\">.modal-1 .modal-header, .modal-1 .modal-footer{border-color:#ebebeb;}<\/style><div class=\"modal-dialog modal-lg\" role=\"document\"><div class=\"modal-content fusion-modal-content\" style=\"background-color:#f6f6f6\"><div class=\"modal-header\"><button class=\"close\" type=\"button\" data-dismiss=\"modal\" aria-hidden=\"true\" aria-label=\"Close\">&times;<\/button><h3 class=\"modal-title\" id=\"modal-heading-1\" data-dismiss=\"modal\" aria-hidden=\"true\"><\/h3><\/div><div class=\"modal-body fusion-clearfix\">\n\t\t\t\t\t<script type=\"text\/javascript\">\n\t\t\t\t\t\tvar map_fusion_map_69f4e4dc015a2;\n\t\t\t\t\t\tvar markers = [];\n\t\t\t\t\t\tvar counter = 0;\n\t\t\t\t\t\t\t\t\t\t\t\t\t\t\t\t\t\t\t\tvar fusionMapNonce = '3b958dc3f6';\n\t\t\t\t\t\t\t\t\t\t\t\tfunction fusion_run_map_fusion_map_69f4e4dc015a2() {\n\t\t\t\t\t\t\tjQuery('#fusion_map_69f4e4dc015a2').fusion_maps({\n\t\t\t\t\t\t\t\taddresses: [{\"address\":\"Portici 270, 39012 Merano, Italia\",\"infobox_content\":\"Portici 270, 39012 Merano, Italia\",\"coordinates\":false,\"cache\":true,\"latitude\":\"46.6722561\",\"longitude\":\"11.160299500000065\"}],\n\t\t\t\t\t\t\t\tanimations: false,\n\t\t\t\t\t\t\t\tinfobox_background_color: '',\n\t\t\t\t\t\t\t\tinfobox_styling: 'default',\n\t\t\t\t\t\t\t\tinfobox_text_color: '',\n\t\t\t\t\t\t\t\tmap_style: 'default',\n\t\t\t\t\t\t\t\tmap_type: 'roadmap',\n\t\t\t\t\t\t\t\tmarker_icon: '',\n\t\t\t\t\t\t\t\toverlay_color: '',\n\t\t\t\t\t\t\t\toverlay_color_hsl: {\"hue\":0,\"sat\":0,\"lum\":100},\n\t\t\t\t\t\t\t\tpan_control: true,\n\t\t\t\t\t\t\t\tshow_address: false,\n\t\t\t\t\t\t\t\tscale_control: false,\n\t\t\t\t\t\t\t\tscrollwheel: true,\n\t\t\t\t\t\t\t\tzoom: 16,\n\t\t\t\t\t\t\t\tzoom_control: true,\n\t\t\t\t\t\t\t});\n\t\t\t\t\t\t}\n\n\t\t\t\t\t\tgoogle.maps.event.addDomListener(window, 'load', fusion_run_map_fusion_map_69f4e4dc015a2);\n\t\t\t\t\t<\/script>\n\t\t\t\t\t<div class=\"shortcode-map fusion-google-map fusion-maps-js-type\" id=\"fusion_map_69f4e4dc015a2\" style=\"height:300px;width:100%;\"><\/div>\n<\/div><div class=\"modal-footer\"><button class=\"fusion-button button-default button-medium button default medium\" type=\"button\" data-dismiss=\"modal\">Close<\/button><\/div><\/div><\/div><\/div><div class=\"fusion-sep-clear\"><\/div><div class=\"fusion-separator fusion-full-width-sep\" style=\"margin-left: auto;margin-right: auto;margin-top:20px;width:100%;\"><\/div><div class=\"fusion-sep-clear\"><\/div><div class=\"fusion-clearfix\"><\/div><\/div><\/div><div class=\"fusion-layout-column fusion_builder_column fusion-builder-column-2 fusion_builder_column_1_3 1_3 fusion-one-third fusion-column-last\" style=\"width:30.6666%;margin-top:0px;margin-bottom:0px;\"><div class=\"fusion-column-wrapper fusion-flex-column-wrapper-legacy\" style=\"background-position:left top;background-repeat:no-repeat;-webkit-background-size:cover;-moz-background-size:cover;-o-background-size:cover;background-size:cover;background-color:#ffffff;border:0px solid #dddddd;padding: 0px 0px 0px 0px;\"><div class=\"fusion-sep-clear\"><\/div><div class=\"fusion-separator fusion-full-width-sep\" style=\"margin-left: auto;margin-right: auto;margin-top:20px;margin-bottom:10px;width:100%;\"><\/div><div class=\"fusion-sep-clear\"><\/div><div class=\"fusion-fa-align-center\"><i class=\"fb-icon-element-3 fb-icon-element fontawesome-icon fa-user-plus fas circle-no\" style=\"font-size:40px;\"><\/i><\/div><style>i.fb-icon-element.fontawesome-icon.fb-icon-element-3{ color: #1a508e;}i.fb-icon-element.fontawesome-icon.fb-icon-element-3:hover { color: #1a508e;}<\/style><div class=\"fusion-text fusion-text-5\"><h2 style=\"text-align: center;\">REGISTRAZIONE<\/h2>\n<\/div><div class=\"fusion-sep-clear\"><\/div><div class=\"fusion-separator\" style=\"margin-left: auto;margin-right: auto;margin-bottom:20px;width:100%;max-width:50%;\"><div class=\"fusion-separator-border sep-single sep-solid\" style=\"border-color:#919191;border-top-width:1px;\"><\/div><\/div><div class=\"fusion-sep-clear\"><\/div><div class=\"fusion-aligncenter\"><style type=\"text\/css\">.fusion-button.button-2 {border-radius:0px;}<\/style><a class=\"fusion-button button-flat fusion-button-default-size button-default button-2 fusion-button-default-span fusion-button-default-type\" target=\"_self\" href=\"#registrazione\"><span class=\"fusion-button-text\">ALLA REGISTRAZIONE<\/span><\/a><\/div><div class=\"fusion-clearfix\"><\/div><\/div><\/div><\/div><\/div><div class=\"fusion-fullwidth fullwidth-box fusion-builder-row-2 nonhundred-percent-fullwidth non-hundred-percent-height-scrolling\" style=\"background-color: no;background-position: left top;background-repeat: no-repeat;padding-top:50px;padding-right:0px;padding-bottom:0px;padding-left:0px;margin-bottom: 0px;margin-top: 0px;border-width: 0px 0px 0px 0px;border-color:#eae9e9;border-style:solid;\" ><div class=\"fusion-builder-row fusion-row\"><div class=\"fusion-layout-column fusion_builder_column fusion-builder-column-3 fusion_builder_column_1_1 1_1 fusion-one-full fusion-column-first fusion-column-last\" style=\"margin-top:0px;margin-bottom:20px;\"><div class=\"fusion-column-wrapper fusion-flex-column-wrapper-legacy\" style=\"background-position:left top;background-repeat:no-repeat;-webkit-background-size:cover;-moz-background-size:cover;-o-background-size:cover;background-size:cover;border:1px solid #e7ebee;padding: 30px 30px 30px 30px;\"><div class=\"fusion-text fusion-text-6\"><h1 style=\"text-align: center;\">Riapertura SPORTLER Merano<\/h1>\n<\/div><div class=\"fusion-sep-clear\"><\/div><div class=\"fusion-separator\" style=\"margin-left: auto;margin-right: auto;margin-top:5px;margin-bottom:40px;width:100%;max-width:20%;\"><div class=\"fusion-separator-border sep-single sep-solid\" style=\"border-color:#d6d6d6;border-top-width:1px;\"><\/div><\/div><div class=\"fusion-sep-clear\"><\/div><div class=\"fusion-text fusion-text-7\"><p style=\"text-align: center;\">Il 24 maggio2019 avr\u00e0 luogo la riapertura del nostro negozio SPORTLER Merano.<\/p>\n<p style=\"text-align: center;\">Il nuovo store \u00e8 un\u2019esperienza digitale. Utilizzando tablet e monitor di dimensioni diverse, numerose informazioni possono essere recuperate in forma digitale. Anche il concetto interattivo Lift&amp;Learn dovrebbe sorprendere: sollevando il prodotto parte un video informativo.<\/p>\n<\/div><div class=\"fusion-clearfix\"><\/div><\/div><\/div><\/div><\/div><div class=\"fusion-fullwidth fullwidth-box fusion-builder-row-3 nonhundred-percent-fullwidth non-hundred-percent-height-scrolling fusion-equal-height-columns\" style=\"background-color: rgba(255,255,255,0);background-position: left top;background-repeat: no-repeat;padding-top:10px;padding-right:0px;padding-bottom:0px;padding-left:0px;margin-bottom: 0px;margin-top: 0px;border-width: 0px 0px 0px 0px;border-color:#eae9e9;border-style:solid;\" ><div class=\"fusion-builder-row fusion-row\"><div class=\"fusion-layout-column fusion_builder_column fusion-builder-column-4 fusion_builder_column_1_1 1_1 fusion-one-full fusion-column-first fusion-column-last fusion-column-no-min-height\" style=\"margin-top:0px;margin-bottom:0px;\"><div class=\"fusion-column-wrapper fusion-flex-column-wrapper-legacy\" style=\"background-position:left top;background-repeat:no-repeat;-webkit-background-size:cover;-moz-background-size:cover;-o-background-size:cover;background-size:cover;padding: 0px 0px 0px 0px;\"><div class=\"fusion-text fusion-text-8\"><h1 style=\"text-align: center;\">HIGHLIGHTS<\/h1>\n<\/div><div class=\"fusion-sep-clear\"><\/div><div class=\"fusion-separator\" style=\"margin-left: auto;margin-right: auto;margin-top:5px;margin-bottom:40px;width:100%;max-width:20%;\"><div class=\"fusion-separator-border sep-single sep-solid\" style=\"border-color:#d6d6d6;border-top-width:1px;\"><\/div><\/div><div class=\"fusion-sep-clear\"><\/div><div class=\"fusion-clearfix\"><\/div><\/div><\/div><div class=\"fusion-layout-column fusion_builder_column fusion-builder-column-5 fusion_builder_column_1_2 1_2 fusion-one-half fusion-column-first\" style=\"margin-top:0px;margin-bottom:20px;\" id=\"nobottom\"><div class=\"fusion-column-wrapper fusion-flex-column-wrapper-legacy\" style=\"background-image: url(&#039;https:\/\/my.sportler.com\/wp-content\/uploads\/2019\/04\/renderin1.jpg&#039;);background-position:left top;background-repeat:no-repeat;-webkit-background-size:cover;-moz-background-size:cover;-o-background-size:cover;background-size:cover;padding: 0px 0px 0px 0px;\" data-bg-url=\"https:\/\/my.sportler.com\/wp-content\/uploads\/2019\/04\/renderin1.jpg\"><div class=\"fusion-clearfix\"><\/div><\/div><\/div><div class=\"fusion-layout-column fusion_builder_column fusion-builder-column-6 fusion_builder_column_1_2 1_2 fusion-one-half fusion-column-last\" style=\"margin-top:0px;margin-bottom:20px;\"><div class=\"fusion-column-wrapper fusion-flex-column-wrapper-legacy\" style=\"background-position:left top;background-repeat:no-repeat;-webkit-background-size:cover;-moz-background-size:cover;-o-background-size:cover;background-size:cover;background-color:#f7f8fa;border:0px solid #e7ebee;padding: 30px 30px 30px 30px;\"><div class=\"fusion-text fusion-text-9\"><h2>Freschezza e tranquillit\u00e0<\/h2>\n<p>Un vero colpo d\u2019occhio \u00e8 il giardino verticale: sull\u2019intera parete del giroscale sono stati creati spazi verdi che irradiano freschezza e tranquillit\u00e0.\u00a0In generale prevalgono forme moderne e linee essenziali, mentre il legno chiaro crea un piacevole contrasto con il metallo e il cemento.<\/p>\n<p>Con l\u2019aggiunta di un piano siamo stati in grado di ampliare la nostra gamma. La proposta non convince solo gli atleti professionisti ambiziosi, ma anche gli appassionati di moda e fashion che amano lo sport: accessori di tendenza, calzature di prima qualit\u00e0, attrezzi fitness e bike di gran valore e capi di abbigliamento sportivi di famosi marchi.<\/p>\n<\/div><div class=\"fusion-clearfix\"><\/div><\/div><\/div><div class=\"fusion-layout-column fusion_builder_column fusion-builder-column-7 fusion_builder_column_1_2 1_2 fusion-one-half fusion-column-first\" style=\"margin-top:0px;margin-bottom:20px;\"><div class=\"fusion-column-wrapper fusion-flex-column-wrapper-legacy\" style=\"background-position:left top;background-repeat:no-repeat;-webkit-background-size:cover;-moz-background-size:cover;-o-background-size:cover;background-size:cover;background-color:#f7f8fa;border:0px solid #e7ebee;padding: 30px 30px 30px 30px;\"><div class=\"fusion-text fusion-text-10\"><h3>Gender Split &amp; Services<\/h3>\n<p>Un\u2019altra novit\u00e0 \u00e8 la divisione secondo il principio del gender split: i piani sono divisi per genere, cio\u00e8 i vari sport e i marchi si trovano raggruppati nel rispettivo piano femminile o maschile.<\/p>\n<p>In aggiunta offriamo vari servizi accoppiati con la tecnologia pi\u00f9 moderna, come ad esempio il Boot Fitting e il Bike Fitting con laser, nonch\u00e9 l\u2019analisi dell\u2019andatura e della corsa.<\/p>\n<p>Vale la pena passare in negozio!<\/p>\n<\/div><div class=\"fusion-clearfix\"><\/div><\/div><\/div><div class=\"fusion-layout-column fusion_builder_column fusion-builder-column-8 fusion_builder_column_1_2 1_2 fusion-one-half fusion-column-last\" style=\"margin-top:0px;margin-bottom:20px;\" id=\"nobottom\"><div class=\"fusion-column-wrapper fusion-flex-column-wrapper-legacy\" style=\"background-image: url(&#039;https:\/\/my.sportler.com\/wp-content\/uploads\/2019\/04\/rendering2.jpg&#039;);background-position:left top;background-repeat:no-repeat;-webkit-background-size:cover;-moz-background-size:cover;-o-background-size:cover;background-size:cover;padding: 0px 0px 0px 0px;\" data-bg-url=\"https:\/\/my.sportler.com\/wp-content\/uploads\/2019\/04\/rendering2.jpg\"><div class=\"fusion-clearfix\"><\/div><\/div><\/div><\/div><\/div><div id=\"registrazione\"><div class=\"fusion-fullwidth fullwidth-box fusion-builder-row-4 nonhundred-percent-fullwidth non-hundred-percent-height-scrolling\" style=\"background-color: no;background-position: left top;background-repeat: no-repeat;padding-top:50px;padding-right:0px;padding-bottom:0px;padding-left:0px;margin-bottom: 0px;margin-top: 0px;border-width: 0px 0px 0px 0px;border-color:#eae9e9;border-style:solid;\" ><div class=\"fusion-builder-row fusion-row\"><div class=\"fusion-layout-column fusion_builder_column fusion-builder-column-9 fusion_builder_column_1_1 1_1 fusion-one-full fusion-column-first fusion-column-last\" style=\"margin-top:0px;margin-bottom:20px;\"><div class=\"fusion-column-wrapper fusion-flex-column-wrapper-legacy\" style=\"background-position:left top;background-repeat:no-repeat;-webkit-background-size:cover;-moz-background-size:cover;-o-background-size:cover;background-size:cover;border:1px solid #e7ebee;padding: 30px 30px 30px 30px;\"><div class=\"fusion-text fusion-text-11\"><h2 style=\"text-align: center;\">Vorrei partecipare alla festa di inaugurazione del nuovo store SPORTLER Merano.<\/h2>\n<\/div><div class=\"fusion-sep-clear\"><\/div><div class=\"fusion-separator\" style=\"margin-left: auto;margin-right: auto;margin-top:5px;margin-bottom:40px;width:100%;max-width:20%;\"><div class=\"fusion-separator-border sep-single sep-solid\" style=\"border-color:#d6d6d6;border-top-width:1px;\"><\/div><\/div><div class=\"fusion-sep-clear\"><\/div><div class=\"fusion-text fusion-text-12\"><p style=\"text-align: center;\">Siamo lieti che Lei voglia partecipare alla riapertura del nostro negozio SPORTLER Merano.<\/p>\n<p style=\"text-align: center;\">La preghiamo di compilare il modulo e quindi cliccare su <em>Invia<\/em>.<\/p>\n<\/div><div class=\"fusion-text fusion-text-13\"><p style=\"text-align: center;\"><\/p>\n<\/div><div class=\"fusion-clearfix\"><\/div><\/div><\/div><\/div><\/div><\/div><\/p>\n","protected":false},"excerpt":{"rendered":"","protected":false},"author":22,"featured_media":0,"parent":0,"menu_order":0,"comment_status":"closed","ping_status":"closed","template":"100-width.php","meta":{"footnotes":""},"class_list":["post-96416","page","type-page","status-publish","hentry"],"jetpack_sharing_enabled":true,"_links":{"self":[{"href":"https:\/\/my.sportler.com\/it\/wp-json\/wp\/v2\/pages\/96416","targetHints":{"allow":["GET"]}}],"collection":[{"href":"https:\/\/my.sportler.com\/it\/wp-json\/wp\/v2\/pages"}],"about":[{"href":"https:\/\/my.sportler.com\/it\/wp-json\/wp\/v2\/types\/page"}],"author":[{"embeddable":true,"href":"https:\/\/my.sportler.com\/it\/wp-json\/wp\/v2\/users\/22"}],"replies":[{"embeddable":true,"href":"https:\/\/my.sportler.com\/it\/wp-json\/wp\/v2\/comments?post=96416"}],"version-history":[{"count":12,"href":"https:\/\/my.sportler.com\/it\/wp-json\/wp\/v2\/pages\/96416\/revisions"}],"predecessor-version":[{"id":96436,"href":"https:\/\/my.sportler.com\/it\/wp-json\/wp\/v2\/pages\/96416\/revisions\/96436"}],"wp:attachment":[{"href":"https:\/\/my.sportler.com\/it\/wp-json\/wp\/v2\/media?parent=96416"}],"curies":[{"name":"wp","href":"https:\/\/api.w.org\/{rel}","templated":true}]}}